{"id":10011,"date":"2025-02-11T13:42:41","date_gmt":"2025-02-11T12:42:41","guid":{"rendered":"https:\/\/commercialaudio.pl\/?page_id=10011"},"modified":"2025-02-12T14:11:49","modified_gmt":"2025-02-12T13:11:49","slug":"zasady-ochrany-osobnich-udaju-udalosti","status":"publish","type":"page","link":"https:\/\/commercialaudio.pl\/cs\/polityka-prywatnosci-wydarzenia\/","title":{"rendered":"Z\u00e1sady ochrany osobn\u00edch \u00fadaj\u016f Commercial Audio Workshop"},"content":{"rendered":"<p>[et_pb_section fb_built=&#8221;1&#8243; admin_label=&#8221;section&#8221; _builder_version=&#8221;4.16&#8243; global_colors_info=&#8221;{}&#8221;][et_pb_row admin_label=&#8221;row&#8221; _builder_version=&#8221;4.16&#8243; background_size=&#8221;initial&#8221; background_position=&#8221;top_left&#8221; background_repeat=&#8221;repeat&#8221; global_colors_info=&#8221;{}&#8221;][et_pb_column type=&#8221;4_4&#8243; _builder_version=&#8221;4.16&#8243; custom_padding=&#8221;|||&#8221; global_colors_info=&#8221;{}&#8221; custom_padding__hover=&#8221;|||&#8221;][et_pb_text admin_label=&#8221;Text&#8221; _builder_version=&#8221;4.27.4&#8243; background_size=&#8221;initial&#8221; background_position=&#8221;top_left&#8221; background_repeat=&#8221;repeat&#8221; inline_fonts=&#8221;Barlow SemiBold,Barlow Light&#8221; global_colors_info=&#8221;{}&#8221;]<!-- divi:heading --><\/p>\n<p><span>Niniejszym wyra\u017cam zgod\u0119 na udost\u0119pnienie dotycz\u0105cych mnie danych osobowych w zakresie: imi\u0119, nazwisko, adres mailowy, stanowisko oraz nazwa firmy, przez Commercial Audio \u00a0sp. z o.o.. z siedzib\u0105 w Warszawie pod adresem: ul. Jeziorki 86a, 02\u2013863 Warszawa, wyst\u0119puj\u0105cej w charakterze administratora takich danych (w rozumieniu obowi\u0105zuj\u0105cych przepis\u00f3w z zakresu ochrony danych osobowych, tzn.: Rozporz\u0105dzenia Parlamentu Europejskiego i Rady [UE] 2016\/679 z dnia 27.04.2016 r. w sprawie ochrony os\u00f3b fizycznych w zwi\u0105zku z przetwarzaniem danych osobowych i w sprawie swobodnego przep\u0142ywu takich danych oraz uchylenia dyrektywy 95\/46\/WE [og\u00f3lne rozporz\u0105dzenie o ochronie danych, w dalszej cz\u0119\u015bci jako \u201eRODO\u201d]) przez organizatora wydarzenia: [Commercial Audio Workshop &#8211; produkcja muzyczna, wykorzystanie interfejs\u00f3w SSL] (w dalszej cz\u0119\u015bci jako \u201eWydarzenie\u201d)\u00a0 Dost\u0119p do danych osobowych b\u0119d\u0105 mogli uzyska\u0107 upowa\u017cnieni cz\u0142onkowie personelu Commercial Audio oraz podmiot\u00f3w przetwarzaj\u0105cych Commercial Audio (w szczeg\u00f3lno\u015bci zapewniaj\u0105cych prawid\u0142ow\u0105 obs\u0142ug\u0119 infrastruktury teleinformatycznej Commercial Audio).\u00a0 Dane osobowe pozostan\u0105 odpowiednio &#8211; z wykorzystaniem adekwatnych \u015brodk\u00f3w bezpiecze\u0144stwa, proporcjonalnych do zidentyfikowanego ryzyka wi\u0105\u017c\u0105cego si\u0119 z ich przetwarzaniem &#8211; zabezpieczone przez Commercial Audio, w szczeg\u00f3lno\u015bci przed przypadkowym lub niezgodnym z prawem zniszczeniem, utrat\u0105, modyfikacj\u0105, nieuprawnionym ujawnieniem lub nieuprawnionym dost\u0119pem, tak\u017ce z wykorzystaniem standardowych klauzul umownych zatwierdzonych przez Komisj\u0119 Europejsk\u0105 w sytuacji, gdyby przetwarzanie obejmowa\u0142o konieczno\u015b\u0107 ich przekazywania poza Europejski Obszar Gospodarczy, jak r\u00f3wnie\u017c przez podmioty przetwarzaj\u0105ce Commercial Audio.\u00a0 Dane osobowe b\u0119d\u0105 przetwarzane do czasu zako\u0144czenia realizacji dzia\u0142ania wskazanego powy\u017cej albo do czasu wcze\u015bniejszego wycofania zgody na ich przetwarzanie.\u00a0 Dane osobowe w powy\u017cej wskazanym zakresie b\u0119d\u0105 przetwarzane na podstawie dobrowolnej zgody. Niewyra\u017cenie zgody spowoduje uniemo\u017cliwienie realizacji dzia\u0142a\u0144 wskazanych powy\u017cej.<\/span><\/p>\n<p>&nbsp;<\/p>\n<p>&nbsp;<\/p>\n<p><!-- \/divi:heading -->[\/et_pb_text][\/et_pb_column][\/et_pb_row][\/et_pb_section]<\/p>\n","protected":false},"excerpt":{"rendered":"<p>Niniejszym wyra\u017cam zgod\u0119 na udost\u0119pnienie dotycz\u0105cych mnie danych osobowych w zakresie: imi\u0119, nazwisko, adres mailowy, stanowisko oraz nazwa firmy, przez Commercial Audio \u00a0sp. z o.o.. z siedzib\u0105 w Warszawie pod adresem: ul. Jeziorki 86a, 02\u2013863 Warszawa, wyst\u0119puj\u0105cej w charakterze administratora takich danych (w rozumieniu obowi\u0105zuj\u0105cych przepis\u00f3w z zakresu ochrony danych osobowych, tzn.: Rozporz\u0105dzenia Parlamentu Europejskiego [&hellip;]<\/p>\n","protected":false},"author":5,"featured_media":0,"parent":0,"menu_order":0,"comment_status":"closed","ping_status":"closed","template":"","meta":{"_acf_changed":false,"_et_pb_use_builder":"on","_et_pb_old_content":"","_et_gb_content_width":"","inline_featured_image":false,"footnotes":""},"class_list":["post-10011","page","type-page","status-publish","hentry"],"acf":[],"_links":{"self":[{"href":"https:\/\/commercialaudio.pl\/cs\/wp-json\/wp\/v2\/pages\/10011","targetHints":{"allow":["GET"]}}],"collection":[{"href":"https:\/\/commercialaudio.pl\/cs\/wp-json\/wp\/v2\/pages"}],"about":[{"href":"https:\/\/commercialaudio.pl\/cs\/wp-json\/wp\/v2\/types\/page"}],"author":[{"embeddable":true,"href":"https:\/\/commercialaudio.pl\/cs\/wp-json\/wp\/v2\/users\/5"}],"replies":[{"embeddable":true,"href":"https:\/\/commercialaudio.pl\/cs\/wp-json\/wp\/v2\/comments?post=10011"}],"version-history":[{"count":5,"href":"https:\/\/commercialaudio.pl\/cs\/wp-json\/wp\/v2\/pages\/10011\/revisions"}],"predecessor-version":[{"id":10017,"href":"https:\/\/commercialaudio.pl\/cs\/wp-json\/wp\/v2\/pages\/10011\/revisions\/10017"}],"wp:attachment":[{"href":"https:\/\/commercialaudio.pl\/cs\/wp-json\/wp\/v2\/media?parent=10011"}],"curies":[{"name":"wp","href":"https:\/\/api.w.org\/{rel}","templated":true}]}}