{"id":6838,"date":"2024-05-22T19:50:27","date_gmt":"2024-05-22T17:50:27","guid":{"rendered":"https:\/\/commercialaudio.pl\/?page_id=6838"},"modified":"2024-05-23T10:14:17","modified_gmt":"2024-05-23T08:14:17","slug":"marian-audio","status":"publish","type":"page","link":"https:\/\/commercialaudio.pl\/cs\/marian-audio\/","title":{"rendered":"Marian Audio"},"content":{"rendered":"\n[et_pb_section fb_built=&#8221;1&#8243; _builder_version=&#8221;4.19.4&#8243; _module_preset=&#8221;default&#8221; background_enable_color=&#8221;off&#8221; background_enable_image=&#8221;off&#8221; custom_padding=&#8221;50px||0px||false|&#8221; global_colors_info=&#8221;{}&#8221;][et_pb_row column_structure=&#8221;1_3,2_3&#8243; use_custom_gutter=&#8221;on&#8221; _builder_version=&#8221;4.19.4&#8243; _module_preset=&#8221;default&#8221; width=&#8221;85%&#8221; width_tablet=&#8221;85%&#8221; width_phone=&#8221;85%&#8221; width_last_edited=&#8221;on|phone&#8221; custom_padding=&#8221;19px||0px|||&#8221; global_colors_info=&#8221;{}&#8221;][et_pb_column type=&#8221;1_3&#8243; _builder_version=&#8221;4.16&#8243; _module_preset=&#8221;default&#8221; global_colors_info=&#8221;{}&#8221;][et_pb_image src=&#8221;https:\/\/commercialaudio.pl\/wp-content\/uploads\/2023\/11\/marian_logo_claim_RGB_300dpi_210x50mm.jpg&#8221; alt=&#8221;clear-com-logo&#8221; title_text=&#8221;marian_logo_claim_RGB_300dpi_210x50mm&#8221; _builder_version=&#8221;4.20.4&#8243; _module_preset=&#8221;default&#8221; custom_margin=&#8221;0px||0px||false|false&#8221; custom_margin_tablet=&#8221;20px||||false|false&#8221; custom_margin_phone=&#8221;10px||||false|false&#8221; custom_margin_last_edited=&#8221;on|desktop&#8221; global_colors_info=&#8221;{}&#8221;][\/et_pb_image][\/et_pb_column][et_pb_column type=&#8221;2_3&#8243; _builder_version=&#8221;4.16&#8243; _module_preset=&#8221;default&#8221; global_colors_info=&#8221;{}&#8221;][et_pb_text _builder_version=&#8221;4.20.4&#8243; _module_preset=&#8221;default&#8221; text_font=&#8221;||||||||&#8221; text_text_color=&#8221;#000000&#8243; text_font_size=&#8221;16px&#8221; link_font=&#8221;|600|||||||&#8221; link_text_color=&#8221;#000000&#8243; custom_padding=&#8221;1px||||false|false&#8221; hover_enabled=&#8221;0&#8243; global_colors_info=&#8221;{}&#8221; custom_margin=&#8221;15%||||false|false&#8221; sticky_enabled=&#8221;0&#8243; custom_margin_last_edited=&#8221;on|phone&#8221; custom_margin_phone=&#8221;0%||||false|false&#8221; custom_margin_tablet=&#8221;15%||||false|false&#8221;]<div><strong>Marian Audio<\/strong> to Niemiecka manufaktura, kt\u00f3ra od ponad 25 lat opracowuje systemy d\u017awi\u0119kowe do rejestracji, kt\u00f3re cechuje najwy\u017csza jako\u015b\u0107 i niezawodno\u015b\u0107.<\/div>\n<div>Produkty tej marki s\u0105 wykorzystywane w studiach nagraniowych, masteringowych, stacjach radiowych i telewizyjnych oraz w przemy\u015ble nagraniowym na ca\u0142ym \u015bwiecie.<\/div>\n<div>Aktualnie dost\u0119pne karty d\u017awi\u0119kowe Marian Audio to urz\u0105dzenia, kt\u00f3re cz\u0119sto oferuj\u0105 znacznie wi\u0119cej ni\u017c tylko mo\u017cliwo\u015b\u0107 przyj\u0119cia i oddania profesjonalnych sygna\u0142\u00f3w audio. To r\u00f3wnie\u017c rozbudowane matryce z pot\u0119\u017cnie rozbudowan\u0105 aplikacja do zarz\u0105dzania i miksowania sygna\u0142\u00f3w.<\/div>[\/et_pb_text][\/et_pb_column][\/et_pb_row][\/et_pb_section][et_pb_section fb_built=&#8221;1&#8243; _builder_version=&#8221;4.18.0&#8243; _module_preset=&#8221;default&#8221; custom_padding=&#8221;20px|||||&#8221; global_colors_info=&#8221;{}&#8221;][et_pb_row _builder_version=&#8221;4.16&#8243; _module_preset=&#8221;default&#8221; global_colors_info=&#8221;{}&#8221;][et_pb_column type=&#8221;4_4&#8243; _builder_version=&#8221;4.16&#8243; _module_preset=&#8221;default&#8221; global_colors_info=&#8221;{}&#8221;][et_pb_text _builder_version=&#8221;4.16&#8243; _module_preset=&#8221;default&#8221; global_colors_info=&#8221;{}&#8221;]<h2 style=\"text-align: center;\">Poznaj produkty<\/h2>[\/et_pb_text][\/et_pb_column][\/et_pb_row][\/et_pb_section][et_pb_section fb_built=&#8221;1&#8243; module_id=&#8221;zintegrowane-systemy-interkomowe&#8221; module_class=&#8221;zintegrowane-systemy-interkomowe&#8221; _builder_version=&#8221;4.20.4&#8243; _module_preset=&#8221;default&#8221; background_color=&#8221;#004c6c&#8221; background_enable_image=&#8221;off&#8221; parallax=&#8221;on&#8221; parallax_method=&#8221;off&#8221; custom_margin=&#8221;-10px|||||&#8221; custom_padding=&#8221;65px||65px||true|&#8221; locked=&#8221;off&#8221; global_colors_info=&#8221;{}&#8221;][et_pb_row _builder_version=&#8221;4.16&#8243; _module_preset=&#8221;default&#8221; custom_padding=&#8221;||0px|||&#8221; global_colors_info=&#8221;{}&#8221;][et_pb_column type=&#8221;4_4&#8243; _builder_version=&#8221;4.16&#8243; _module_preset=&#8221;default&#8221; global_colors_info=&#8221;{}&#8221;][et_pb_text _builder_version=&#8221;4.20.4&#8243; _module_preset=&#8221;default&#8221; header_font_size=&#8221;44px&#8221; header_2_text_color=&#8221;#FFFFFF&#8221; header_2_font_size=&#8221;48px&#8221; custom_padding=&#8221;|||10px|false|false&#8221; border_color_all=&#8221;#FFFFFF&#8221; border_width_left=&#8221;6px&#8221; global_colors_info=&#8221;{}&#8221;]<h2>Karty d\u017awi\u0119kowe PCIe<\/h2>[\/et_pb_text][et_pb_text _builder_version=&#8221;4.20.4&#8243; _module_preset=&#8221;default&#8221; text_text_color=&#8221;#FFFFFF&#8221; global_colors_info=&#8221;{}&#8221;]<div dir=\"ltr\">\n<div class=\"\">\n<div class=\"\">\n<div class=\"\">\n<div class=\"\"><span>Aktualnie dost\u0119pne karty d\u017awi\u0119kowe Marian Audio to urz\u0105dzenia, kt\u00f3re cz\u0119sto oferuj\u0105 znacznie wi\u0119cej ni\u017c tylko mo\u017cliwo\u015b\u0107 przyj\u0119cia i oddania profesjonalnych sygna\u0142\u00f3w audio. To r\u00f3wnie\u017c rozbudowane matryce z pot\u0119\u017cnie rozbudowan\u0105 aplikacja do zarz\u0105dzania i miksowania sygna\u0142\u00f3w.<\/span><\/div>\n<\/div>\n<\/div>\n<\/div>\n<\/div>[\/et_pb_text][\/et_pb_column][\/et_pb_row][\/et_pb_section][et_pb_section fb_built=&#8221;1&#8243; _builder_version=&#8221;4.16&#8243; _module_preset=&#8221;default&#8221; custom_padding=&#8221;||0px|||&#8221; global_colors_info=&#8221;{}&#8221;][et_pb_row _builder_version=&#8221;4.16&#8243; _module_preset=&#8221;default&#8221; global_colors_info=&#8221;{}&#8221;][et_pb_column type=&#8221;4_4&#8243; _builder_version=&#8221;4.16&#8243; _module_preset=&#8221;default&#8221; global_colors_info=&#8221;{}&#8221;][et_pb_shop type=&#8221;product_category&#8221; posts_number=&#8221;100&#8243; include_categories=&#8221;218,221,219,220,217&#8243; columns_number=&#8221;4&#8243; icon_hover_color=&#8221;#033e81&#8243; hover_icon=&#8221;&#x54;||divi||400&#8243; _builder_version=&#8221;4.20.4&#8243; _module_preset=&#8221;default&#8221; border_width_all_image=&#8221;1px&#8221; border_color_all_image=&#8221;#bcbcbc&#8221; global_colors_info=&#8221;{}&#8221; border_width_all_image__hover_enabled=&#8221;on|hover&#8221; border_width_all_image__hover=&#8221;1px&#8221;][\/et_pb_shop][\/et_pb_column][\/et_pb_row][\/et_pb_section]\n","protected":false},"excerpt":{"rendered":"<p>Marian Audio to Niemiecka manufaktura, kt\u00f3ra od ponad 25 lat opracowuje systemy d\u017awi\u0119kowe do rejestracji, kt\u00f3re cechuje najwy\u017csza jako\u015b\u0107 i niezawodno\u015b\u0107. Produkty tej marki s\u0105 wykorzystywane w studiach nagraniowych, masteringowych, stacjach radiowych i telewizyjnych oraz w przemy\u015ble nagraniowym na ca\u0142ym \u015bwiecie. Aktualnie dost\u0119pne karty d\u017awi\u0119kowe Marian Audio to urz\u0105dzenia, kt\u00f3re cz\u0119sto oferuj\u0105 znacznie wi\u0119cej ni\u017c [&hellip;]<\/p>\n","protected":false},"author":10,"featured_media":0,"parent":0,"menu_order":0,"comment_status":"open","ping_status":"open","template":"","meta":{"_acf_changed":false,"_et_pb_use_builder":"on","_et_pb_old_content":"","_et_gb_content_width":"","inline_featured_image":false,"footnotes":""},"class_list":["post-6838","page","type-page","status-publish","hentry"],"acf":[],"_links":{"self":[{"href":"https:\/\/commercialaudio.pl\/cs\/wp-json\/wp\/v2\/pages\/6838","targetHints":{"allow":["GET"]}}],"collection":[{"href":"https:\/\/commercialaudio.pl\/cs\/wp-json\/wp\/v2\/pages"}],"about":[{"href":"https:\/\/commercialaudio.pl\/cs\/wp-json\/wp\/v2\/types\/page"}],"author":[{"embeddable":true,"href":"https:\/\/commercialaudio.pl\/cs\/wp-json\/wp\/v2\/users\/10"}],"replies":[{"embeddable":true,"href":"https:\/\/commercialaudio.pl\/cs\/wp-json\/wp\/v2\/comments?post=6838"}],"version-history":[{"count":10,"href":"https:\/\/commercialaudio.pl\/cs\/wp-json\/wp\/v2\/pages\/6838\/revisions"}],"predecessor-version":[{"id":8497,"href":"https:\/\/commercialaudio.pl\/cs\/wp-json\/wp\/v2\/pages\/6838\/revisions\/8497"}],"wp:attachment":[{"href":"https:\/\/commercialaudio.pl\/cs\/wp-json\/wp\/v2\/media?parent=6838"}],"curies":[{"name":"wp","href":"https:\/\/api.w.org\/{rel}","templated":true}]}}