{"id":3379,"date":"2024-05-22T19:50:27","date_gmt":"2024-05-22T17:50:27","guid":{"rendered":"https:\/\/commercialaudio.pl\/?page_id=3379"},"modified":"2025-03-03T16:57:40","modified_gmt":"2025-03-03T15:57:40","slug":"support-service","status":"publish","type":"page","link":"https:\/\/commercialaudio.pl\/en\/wsparcie-serwis\/","title":{"rendered":"Support \/ Service"},"content":{"rendered":"<p>[et_pb_section fb_built=&#8221;1&#8243; _builder_version=&#8221;4.18.0&#8243; _module_preset=&#8221;default&#8221; global_colors_info=&#8221;{}&#8221;][\/et_pb_section][et_pb_section fb_built=&#8221;1&#8243; module_id=&#8221;przenosne-bose&#8221; module_class=&#8221;przenosne-bose&#8221; _builder_version=&#8221;4.16&#8243; _module_preset=&#8221;default&#8221; background_color=&#8221;#232324&#8243; background_enable_image=&#8221;off&#8221; parallax=&#8221;on&#8221; parallax_method=&#8221;off&#8221; custom_margin=&#8221;0px||||false|false&#8221; custom_padding=&#8221;55px||55px||true|&#8221; global_colors_info=&#8221;{}&#8221;][et_pb_row _builder_version=&#8221;4.16&#8243; _module_preset=&#8221;default&#8221; custom_padding=&#8221;0px||0px|||&#8221; global_colors_info=&#8221;{}&#8221;][et_pb_column type=&#8221;4_4&#8243; _builder_version=&#8221;4.16&#8243; _module_preset=&#8221;default&#8221; global_colors_info=&#8221;{}&#8221;][et_pb_text _builder_version=&#8221;4.18.0&#8243; _module_preset=&#8221;default&#8221; header_text_align=&#8221;left&#8221; header_font_size=&#8221;44px&#8221; header_2_text_color=&#8221;#FFFFFF&#8221; header_2_font_size=&#8221;3vw&#8221; custom_padding=&#8221;|||10px|false|false&#8221; header_2_font_size_tablet=&#8221;&#8221; header_2_font_size_phone=&#8221;6vw&#8221; header_2_font_size_last_edited=&#8221;on|phone&#8221; border_width_left=&#8221;6px&#8221; border_color_left=&#8221;#FFFFFF&#8221; global_colors_info=&#8221;{}&#8221;]<\/p>\n<h2 style=\"text-align: center;\"><span>WSPARCIE \/ SERWIS<\/span><\/h2>\n<p>[\/et_pb_text][\/et_pb_column][\/et_pb_row][\/et_pb_section][et_pb_section fb_built=&#8221;1&#8243; _builder_version=&#8221;4.16&#8243; _module_preset=&#8221;default&#8221; global_colors_info=&#8221;{}&#8221;][et_pb_row _builder_version=&#8221;4.27.4&#8243; _module_preset=&#8221;default&#8221; global_colors_info=&#8221;{}&#8221;][et_pb_column type=&#8221;4_4&#8243; _builder_version=&#8221;4.16&#8243; _module_preset=&#8221;default&#8221; global_colors_info=&#8221;{}&#8221;][et_pb_text _builder_version=&#8221;4.27.4&#8243; _module_preset=&#8221;default&#8221; global_colors_info=&#8221;{}&#8221;]<\/p>\n<h1 style=\"text-align: center;\"><span>GWARANCJA COMMERCIAL AUDIO<\/span><\/h1>\n<p>&nbsp;<\/p>\n<p>[\/et_pb_text][et_pb_text _builder_version=&#8221;4.27.4&#8243; _module_preset=&#8221;default&#8221; text_text_color=&#8221;#000000&#8243; text_font_size=&#8221;16px&#8221; text_line_height=&#8221;1.4em&#8221; link_font=&#8221;|600|||on||||&#8221; custom_margin=&#8221;||-1px|||&#8221; global_colors_info=&#8221;{}&#8221;]<\/p>\n<p class=\"\"><strong class=\"\"><span class=\"\">Serwis Commercial Audio zajmuje si\u0119 naprawami gwarancyjnymi i pogwarancyjnymi marek:<\/span><\/strong><\/p>\n<p class=\"\"><span class=\"\">Solid State Logic<\/span><\/p>\n<p class=\"\"><span class=\"\">ATC Loudspeakers<\/span><\/p>\n<p class=\"\"><span class=\"\">Harrison Audio<\/span><\/p>\n<p class=\"\"><span class=\"\">Bose Professional<\/span><\/p>\n<p class=\"\"><span class=\"\">Clear-Com<\/span><\/p>\n<p class=\"\"><span class=\"\">DirectOut<\/span><strong class=\"\"><span class=\"\"><\/span><\/strong><\/p>\n<p class=\"\"><span class=\"\">Amadeus Acoustic<\/span><strong class=\"\"><span class=\"\"><\/span><\/strong><\/p>\n<p class=\"\"><strong class=\"\"><span class=\"\">Zg\u0142oszenia serwisowe przyjmujemy poprzez formularz zg\u0142oszeniowy znajduj\u0105cy si\u0119 poni\u017cej. <\/span><\/strong><\/p>\n<p class=\"\"><strong class=\"\"><span class=\"\">Po zatwierdzeniu zg\u0142oszenia przez nasz serwis otrzymasz wiadomo\u015b\u0107 zwrotn\u0105 z dalszymi instrukcjami.<\/span><\/strong><\/p>\n<p>&nbsp;<\/p>\n<p>[\/et_pb_text][et_pb_accordion _builder_version=&#8221;4.27.4&#8243; _module_preset=&#8221;default&#8221; global_colors_info=&#8221;{}&#8221;][et_pb_accordion_item open=&#8221;on&#8221; _builder_version=&#8221;4.27.4&#8243; _module_preset=&#8221;default&#8221; link_option_url_new_window=&#8221;on&#8221; global_colors_info=&#8221;{}&#8221;]<\/p>\n<h2 style=\"font-weight: 400; text-align: center;\">Standardowa gwarancja Commercial Audio<\/h2>\n<p style=\"font-weight: 400;\">Gwarancja obowi\u0105zuje od daty zakupu u <strong>autoryzowanego dealera, <\/strong>kt\u00f3ry jest wskazany na stronie Commercial Audio w zak\u0142adce <strong><a href=\"https:\/\/commercialaudio.pl\/gdzie-kupic\/\">Gdzie Kupi\u0107<\/a>.<\/strong><\/p>\n<p style=\"font-weight: 400;\">Commercial Audio jako wy\u0142\u0105czny dystrybutor marek pro audio na terenie Polski zapewnia standardow\u0105 gwarancj\u0119 na poszczeg\u00f3lne serie urz\u0105dze\u0144 w okresach:<\/p>\n<h3 style=\"font-weight: 400;\"><strong>2 letnia gwarancja na urz\u0105dzenia:<\/strong><\/h3>\n<p style=\"font-weight: 400;\">Solid State Logic: 2 \/ 2+ \/ 12 \/ 18 \/ Alpha 8 \/ Fusion \/ Bus+ \/ Six \/ BigSix \/ PureDrive Octo \/ Pure Drive Quad \/ modu\u0142y 500 \/ UC1 \/ UF1 \/ UF8<\/p>\n<p style=\"font-weight: 400;\">Bose Professional: S1Pro+ \/ seria L1 \/ seria F1 \/ SUB 1 \/ SUB 2 \/ T4s \/ T8s \/<\/p>\n<p style=\"font-weight: 400;\">ATC Loudspeakers: wszystkie modele<\/p>\n<p style=\"font-weight: 400;\">Clear-Com; wszystkie urz\u0105dzenia<\/p>\n<h3 style=\"font-weight: 400;\"><strong>3 letnia gwarancja na urz\u0105dzenia:<\/strong><\/h3>\n<p style=\"font-weight: 400;\">DirectOut: wszystkie urz\u0105dzenia<\/p>\n<p style=\"font-weight: 400;\">Bose Professional: seria WORK<\/p>\n<h3 style=\"font-weight: 400;\"><strong>5 letnia gwarancja na urz\u0105dzenia:<\/strong><\/h3>\n<p style=\"font-weight: 400;\">Bose Professional: seria INSTALL: wszystkie wzmacniacze, procesory sygna\u0142owe, g\u0142o\u015bniki, kt\u00f3re nie maj\u0105 w\u0142asnego zasilania (wzmacniacza).<\/p>\n<h3 style=\"font-weight: 400; text-align: center;\"><strong>Warunki standardowej gwarancji Commercial Audio:<\/strong><\/h3>\n<p style=\"font-weight: 400;\">Okres gwarancji rozpoczyna si\u0119 w dniu zakupu u autoryzowanego dealera i ko\u0144czy po dw\u00f3ch latach. Wady towaru ujawnione w okresie gwarancyjnym b\u0119d\u0105 usuwane bezp\u0142atnie, w czasie 14 dni od daty przyj\u0119cia sprz\u0119tu w firmie Commercial Audio lub wed\u0142ug naszego wy\u0142\u0105cznego uznania, produkt zostanie wymieniony na nowy.<\/p>\n<p style=\"font-weight: 400;\">Gwarancja jest powi\u0105zana z produktem i jest zbywalna. Gwarancja na produkt z drugiej r\u0119ki\/u\u017cywany rozpoczyna si\u0119 od pierwotnej daty sprzeda\u017cy. Naprawy gwarancyjne musz\u0105 by\u0107 wykonywane wy\u0142\u0105cznie poprzez Commercial Audio lub naszych autoryzowanych serwisant\u00f3w. Gwarancja obejmuje koszt cz\u0119\u015bci i robocizny.<\/p>\n<p style=\"font-weight: 400;\">W przypadku konieczno\u015bci sprowadzenia cz\u0119\u015bci zamiennych z zagranicy termin naprawy mo\u017ce ulec wyd\u0142u\u017ceniu o czym Commercial Audio niezw\u0142ocznie powiadomi w\u0142a\u015bciciela urz\u0105dzenia i\/lub dealera.<\/p>\n<p style=\"font-weight: 400;\">Brak mo\u017cliwo\u015bci zweryfikowania usterki z osob\u0105 dostarczaj\u0105ca sprz\u0119t do serwisu lub u\u017cytkownikiem ko\u0144cowym, jest podstaw\u0105 do niepodejmowania naprawy.<\/p>\n<p style=\"font-weight: 400;\">W przypadku dostarczenia do serwisu sprz\u0119tu sprawnego technicznie, zg\u0142aszaj\u0105cy zostanie obci\u0105\u017cony kosztem diagnozy i przesy\u0142ki zwrotnej.<\/p>\n<h3 style=\"font-weight: 400; text-align: center;\"><strong>Ograniczenia warunk\u00f3w gwarancyjnych Commercial Audio:<\/strong><\/h3>\n<p style=\"font-weight: 400;\">Gwarancja na produkt nie obejmuje:<\/p>\n<ul style=\"font-weight: 400;\">\n<li>Produkt\u00f3w zakupionych poza autoryzowan\u0105 sieci\u0105 sprzeda\u017cy. Lista autoryzowanych dealer\u00f3w dost\u0119pna TUTAJ.<\/li>\n<li>Produkt\u00f3w bez datowanego dowodu zakupu (faktury sprzeda\u017cy lub paragonu) od autoryzowanego dealera lub dystrybutora.<\/li>\n<li>U\u017cytkowania niezgodnego z instrukcj\u0105 obs\u0142ugi danego produktu.<\/li>\n<li>Produkt\u00f3w, kt\u00f3rych numer seryjny zosta\u0142 zmodyfikowany, sta\u0142 si\u0119 nieczytelny lub zosta\u0142 usuni\u0119ty.<\/li>\n<li>Uszkodze\u0144 spowodowanych nieprawid\u0142ow\u0105 obs\u0142ug\u0105 (np. upadek\/uderzenie, woda, kurz\/piasek).<\/li>\n<li>Usterek wynikaj\u0105cych z normalnego u\u017cytkowania lub zu\u017cycia, lub normalnego starzenia si\u0119 produktu.<\/li>\n<li>Wy\u0142\u0105cznie kosmetycznych skaz na produkcie (takich jak kurz).<\/li>\n<li>Cz\u0119\u015bci zu\u017cywaj\u0105cych si\u0119, takich jak baterie, chyba \u017ce uszkodzenie zosta\u0142o spowodowane wad\u0105 materia\u0142ow\u0105 lub wad\u0105 produkcyjn\u0105.<\/li>\n<li>Dzia\u0142ania bez uziemienia sieciowego.<\/li>\n<li>Nieautoryzowanych modyfikacji lub serwisu.<\/li>\n<li>Produkt\u00f3w, kt\u00f3re nie s\u0105 zapakowane w oryginalne opakowanie<\/li>\n<li>Ekstremalnych warunk\u00f3w \u015brodowiskowych (w tym ekstremalnych temperatur i ekstremalnej wilgotno\u015bci), ekstremalnych obci\u0105\u017ce\u0144 fizycznych lub elektrycznych, zak\u0142\u00f3ce\u0144, waha\u0144 lub skok\u00f3w napi\u0119cia w zasilaniu sieciowym, uderze\u0144 pioruna, elektryczno\u015bci statycznej, ognia, si\u0142y wy\u017cszej lub innych czynnik\u00f3w zewn\u0119trznych.<\/li>\n<\/ul>\n<p style=\"font-weight: 400;\">Na naprawy obowi\u0105zuje 12-miesi\u0119czna gwarancja. Gwarancja obejmuje tylko wymienione cz\u0119\u015bci i robocizn\u0119 zwi\u0105zan\u0105 z wymian\u0105 tych cz\u0119\u015bci.<\/p>\n<h3 style=\"font-weight: 400; text-align: center;\"><strong>Obowi\u0105zki Klienta<\/strong><\/h3>\n<p style=\"font-weight: 400;\">Aby uzyska\u0107 us\u0142ugi dost\u0119pne w ramach gwarancji na produkt, klient zobowi\u0105zuje si\u0119:<\/p>\n<ul style=\"font-weight: 400;\">\n<li>Dostarczy\u0107 wraz z urz\u0105dzeniem kopi\u0119 oryginalnego dowodu zakupu produktu, wystawionego przez autoryzowanego dealera\/dystrybutora.<\/li>\n<li>W miar\u0119 mo\u017cliwo\u015bci, przetwarza\u0107 wszystkie roszczenia gwarancyjne za po\u015brednictwem dealera, kt\u00f3ry dostarczy\u0142 produkt, lub za po\u015brednictwem dystrybutora.<\/li>\n<li>Dostarczy\u0107 informacje o objawach i przyczynach problem\u00f3w wraz z produktem.<\/li>\n<li>Dokona\u0107 ostatecznego formalnego zg\u0142oszenia naprawy gwarancyjnej za pomoc\u0105 internetowego formularza zg\u0142oszenia naprawy serwisowej TUTAJ.<\/li>\n<li>Odpowiada\u0107 na pytania, w tym na pro\u015bby o numer seryjny produktu, model, urz\u0105dzenia peryferyjne pod\u0142\u0105czone do produktu, us\u0142yszane\/zaobserwowane usterki, dzia\u0142ania wykonane przed wyst\u0105pieniem problemu z produktem oraz \u015brodki podj\u0119te w celu rozwi\u0105zania problemu.<\/li>\n<li>Post\u0119powa\u0107 zgodnie ze wszystkimi instrukcjami, w tym dotycz\u0105cymi sposobu pakowania produktu w oryginalne opakowanie produktu.<\/li>\n<li>Nabywca zobowi\u0105zany jest do dostarczenia przedmiotu gwarancji na koszt w\u0142asny, wraz ze wszystkimi akcesoriami i dokumentem zakupu, a tak\u017ce za\u0142\u0105czonym opisem usterki.<\/li>\n<\/ul>\n<p style=\"font-weight: 400;\">W przypadku uznania gwarancji, po naprawie sprz\u0119t jest odsy\u0142any na koszt Commercial Audio.<\/p>\n<p style=\"font-weight: 400;\">Commercial Audio nie ponosi odpowiedzialno\u015bci za zniszczenia sprz\u0119tu spowodowane podczas transportu.<\/p>\n<p>[\/et_pb_accordion_item][\/et_pb_accordion][et_pb_accordion _builder_version=&#8221;4.27.4&#8243; _module_preset=&#8221;default&#8221; global_colors_info=&#8221;{}&#8221;][et_pb_accordion_item open=&#8221;on&#8221; _builder_version=&#8221;4.27.4&#8243; _module_preset=&#8221;default&#8221; link_option_url_new_window=&#8221;on&#8221; global_colors_info=&#8221;{}&#8221;]<\/p>\n<h2 style=\"font-weight: 400; text-align: center;\">Rozszerzona gwarancja Commercial Audio<\/h2>\n<p style=\"font-weight: 400;\">Commercial Audio oferuje mo\u017cliwo\u015b\u0107 wyd\u0142u\u017cenia okresu gwarancyjnego dla poni\u017cszych urz\u0105dze\u0144 na poszczeg\u00f3lne okresy. Okres gwarancji zostaje przed\u0142u\u017cony na okre\u015blony czas dla danego produktu od daty zakupu, pod warunkiem, \u017ce rejestracja nast\u0105pi w ci\u0105gu 30 dni od dnia zakupu u dealera wskazanego na stronie Commercial Audio w zak\u0142adce <strong><a href=\"https:\/\/commercialaudio.pl\/gdzie-kupic\/\">Gdzie Kupi\u0107<\/a>.<\/strong><\/p>\n<h3 style=\"font-weight: 400;\"><strong>Rozszerzenie gwarancji na okres 5 lat:<\/strong><\/h3>\n<p style=\"font-weight: 400;\">Solid State Logic: 2 \/ 2+ \/ 12 \/ 18 \/ Alpha 8 \/ Fusion \/ Bus+ \/ Six \/ BigSix \/ PureDrive Octo \/ Pure Drive Quad \/ modu\u0142y 500 \/ UC1 \/ UF1 \/ UF8<\/p>\n<p style=\"font-weight: 400;\">Bose Professional: S1Pro+ \/ seria F1 \/ T4s \/ T8s \/ seria L1 \/ \/ SUB 1 \/ SUB 2<\/p>\n<p style=\"font-weight: 400;\">Formularz rejestracji i wyd\u0142u\u017cenia gwarancji na okres 5 lat <a href=\"https:\/\/forms.gle\/iq9Zyekg2aejJCTJA\" target=\"_blank\" rel=\"noopener\"><strong>TUTAJ<\/strong><\/a><\/p>\n<h3 style=\"font-weight: 400; text-align: center;\"><strong><\/strong><\/h3>\n<h3 style=\"font-weight: 400; text-align: center;\"><strong>Warunki rozszerzonej gwarancji Commercial Audio:<\/strong><\/h3>\n<ul style=\"font-weight: 400;\">\n<li>Produkt pochodzi z oficjalnej dystrybucji PL i zosta\u0142 zakupiony u dealera wskazanego przez Commercial Audio<\/li>\n<li>Produkt musi zosta\u0107 dostarczony z orygina\u0142em lub kopi\u0105\u00a0dowodu zakupu (faktura lub paragon)<\/li>\n<li>Produkt by\u0142 u\u017cytkowany zgodnie z instrukcj\u0105 obs\u0142ugi<\/li>\n<li>Produkt, posiada widoczne i niezatarte numery seryjne<\/li>\n<li>Produkt nie zosta\u0142 uszkodzony na skutek nieprawid\u0142owej obs\u0142ugi (np. upadek\/uderzenie, woda, kurz\/piasek).<\/li>\n<li>Produkt by\u0142 u\u017cytkowany wg zalece\u0144 producenta z uziemieniem sieciowym.<\/li>\n<li>Produkt nie by\u0142 poddany d\u0142ugotrwa\u0142ym przeci\u0105\u017ceniom<\/li>\n<li>Produkt nie by\u0142 poddawany modyfikacji lub nieautoryzowanej naprawie.<\/li>\n<li>Produkt, jest zapakowany w oryginalne opakowanie.<\/li>\n<li>Produkt nie uleg\u0142 uszkodzeniu spowodowanym ekstremalnymi warunkami \u015brodowiskowymi (w tym ekstremalnych temperatur i ekstremalnej wilgotno\u015bci), ekstremalnych obci\u0105\u017ce\u0144 fizycznych lub elektrycznych, zak\u0142\u00f3ce\u0144, waha\u0144 lub skok\u00f3w napi\u0119cia w zasilaniu sieciowym, uderze\u0144 pioruna, elektryczno\u015bci statycznej, ognia, si\u0142y wy\u017cszej lub innych czynnik\u00f3w zewn\u0119trznych.<\/li>\n<li>Wyd\u0142u\u017conej gwarancji NIE PODLEGAJ\u0104 cz\u0119\u015bci zu\u017cywaj\u0105ce si\u0119, takie jak baterie, gniazda lub inne podobne.<\/li>\n<\/ul>\n<p>[\/et_pb_accordion_item][\/et_pb_accordion][et_pb_accordion _builder_version=&#8221;4.27.4&#8243; _module_preset=&#8221;default&#8221; hover_enabled=&#8221;0&#8243; global_colors_info=&#8221;{}&#8221; sticky_enabled=&#8221;0&#8243;][et_pb_accordion_item open=&#8221;on&#8221; _builder_version=&#8221;4.27.4&#8243; _module_preset=&#8221;default&#8221; link_option_url_new_window=&#8221;on&#8221; hover_enabled=&#8221;0&#8243; global_colors_info=&#8221;{}&#8221; sticky_enabled=&#8221;0&#8243;]<\/p>\n<h2 style=\"font-weight: 400; text-align: center;\">Rozszerzona gwarancja producenta<\/h2>\n<p style=\"font-weight: 400;\">ATC Loudspeakers oferuje mo\u017cliwo\u015b\u0107 wyd\u0142u\u017cenia okresu gwarancyjnego dla wszystkich modeli na okres 6 lat. Okres gwarancji zostaje przed\u0142u\u017cony\u00a0pod warunkiem, \u017ce rejestracja nast\u0105pi w ci\u0105gu 30 dni od dnia zakupu u dealera wskazanego na stronie Commercial Audio w zak\u0142adce <strong><a href=\"https:\/\/commercialaudio.pl\/gdzie-kupic\/\">Gdzie Kupi\u0107<\/a>.<\/strong><\/p>\n<p>Szczeg\u00f3\u0142owe warunki rozszerzonej gwarancji producenta znajduj\u0105 si\u0119 na stronie <strong><a href=\"https:\/\/atc.audio\/customer-services-pro\/warranty-information-pro\/\" target=\"_blank\" rel=\"noopener\">ATC.AUDIO<\/a><\/strong><\/p>\n<h3 style=\"font-weight: 400;\"><strong>Rozszerzenie gwarancji na okres 6 lat:<\/strong><\/h3>\n<p style=\"font-weight: 400;\">ATC Loudspeakers: wszystkie modele<\/p>\n<p style=\"font-weight: 400;\">Formularz rejestracji i wyd\u0142u\u017cenia gwarancji na okres 6 lat ATC Loudspeakers\u00a0<a href=\"https:\/\/atc.audio\/customer-services-pro\/professional-product-registration\/\" target=\"_blank\" rel=\"noopener\"><strong>TUTAJ<\/strong><\/a><\/p>\n<p><strong><\/strong><\/p>\n<p>&nbsp;<\/p>\n<p>[\/et_pb_accordion_item][\/et_pb_accordion][et_pb_code _builder_version=&#8221;4.18.0&#8243; _module_preset=&#8221;default&#8221; link_option_url=&#8221;https:\/\/docs.google.com\/forms\/d\/e\/1FAIpQLSfIcHgPgav7uoN_UaAG-s1HyJAeWMkEs3CRb2u3Sh0FoVeVbA\/viewform?usp=sharing&#8221; global_colors_info=&#8221;{}&#8221;][\/et_pb_code][\/et_pb_column][\/et_pb_row][et_pb_row column_structure=&#8221;1_3,1_3,1_3&#8243; _builder_version=&#8221;4.27.4&#8243; _module_preset=&#8221;default&#8221; global_colors_info=&#8221;{}&#8221;][et_pb_column type=&#8221;1_3&#8243; _builder_version=&#8221;4.27.4&#8243; _module_preset=&#8221;default&#8221; border_radii=&#8221;on|1px|1px|1px|1px&#8221; global_colors_info=&#8221;{}&#8221;][\/et_pb_column][et_pb_column type=&#8221;1_3&#8243; _builder_version=&#8221;4.27.4&#8243; _module_preset=&#8221;default&#8221; border_radii=&#8221;on|1px|1px|1px|1px&#8221; global_colors_info=&#8221;{}&#8221;][et_pb_button button_url=&#8221;https:\/\/forms.gle\/ZmvEwZh2nwULPpUo7&#8243; button_text=&#8221;FORMULARZ ZG\u0141OSZENIA NAPRAWY GWARANCYJNEJ&#8221; button_alignment=&#8221;right&#8221; _builder_version=&#8221;4.27.4&#8243; _module_preset=&#8221;default&#8221; custom_button=&#8221;on&#8221; button_text_color=&#8221;#3d3d3d&#8221; button_bg_color=&#8221;#FFFFFF&#8221; button_border_width=&#8221;1px&#8221; button_border_radius=&#8221;16px&#8221; button_font=&#8221;Barlow Semi Condensed|600|||||||&#8221; hover_enabled=&#8221;0&#8243; box_shadow_style=&#8221;preset1&#8243; global_colors_info=&#8221;{}&#8221; box_shadow_vertical__hover_enabled=&#8221;on|hover&#8221; box_shadow_spread__hover_enabled=&#8221;on|hover&#8221; box_shadow_spread__hover=&#8221;6px&#8221; button_text_color__hover_enabled=&#8221;on|hover&#8221; button_text_color__hover=&#8221;#3d3d3d&#8221; sticky_enabled=&#8221;0&#8243; button_text_size=&#8221;13px&#8221; box_shadow_horizontal=&#8221;10px&#8221; button_letter_spacing=&#8221;7px&#8221;][\/et_pb_button][\/et_pb_column][et_pb_column type=&#8221;1_3&#8243; _builder_version=&#8221;4.27.4&#8243; _module_preset=&#8221;default&#8221; border_radii=&#8221;on|1px|1px|1px|1px&#8221; global_colors_info=&#8221;{}&#8221;][\/et_pb_column][\/et_pb_row][et_pb_row column_structure=&#8221;1_3,1_3,1_3&#8243; _builder_version=&#8221;4.27.4&#8243; _module_preset=&#8221;default&#8221; global_colors_info=&#8221;{}&#8221;][et_pb_column type=&#8221;1_3&#8243; _builder_version=&#8221;4.27.4&#8243; _module_preset=&#8221;default&#8221; border_radii=&#8221;on|1px|1px|1px|1px&#8221; global_colors_info=&#8221;{}&#8221;][\/et_pb_column][et_pb_column type=&#8221;1_3&#8243; _builder_version=&#8221;4.27.4&#8243; _module_preset=&#8221;default&#8221; border_radii=&#8221;on|1px|1px|1px|1px&#8221; global_colors_info=&#8221;{}&#8221;][et_pb_text _builder_version=&#8221;4.27.4&#8243; _module_preset=&#8221;default&#8221; text_text_color=&#8221;#000000&#8243; text_font_size=&#8221;16px&#8221; text_line_height=&#8221;1.4em&#8221; link_font=&#8221;|600|||on||||&#8221; custom_margin=&#8221;||-1px|||&#8221; global_colors_info=&#8221;{}&#8221;]<\/p>\n<h4 style=\"text-align: center;\">Kontakt z serwisem Commercial Audio:<\/h4>\n<p>&nbsp;<\/p>\n<p>&nbsp;<\/p>\n<p>&nbsp;<\/p>\n<p>[\/et_pb_text][et_pb_team_member name=&#8221;Jaros\u0142aw Cygan&#8221; position=&#8221;Serwis&#8221; image_url=&#8221;https:\/\/commercialaudio.pl\/wp-content\/uploads\/2024\/04\/commercial-audio-jaroslaw-cygan.png&#8221; _builder_version=&#8221;4.27.4&#8243; _module_preset=&#8221;default&#8221; global_colors_info=&#8221;{}&#8221;]<\/p>\n<p><a href=\"tel:+48228971513,23\">+48 22 897 15 13 wew 23<\/a><br \/><a href=\"mailto:serwis@caudio.pl\">serwis@caudio.pl<\/a><\/p>\n<p>[\/et_pb_team_member][\/et_pb_column][et_pb_column type=&#8221;1_3&#8243; _builder_version=&#8221;4.27.4&#8243; _module_preset=&#8221;default&#8221; border_radii=&#8221;on|1px|1px|1px|1px&#8221; global_colors_info=&#8221;{}&#8221;][\/et_pb_column][\/et_pb_row][\/et_pb_section][et_pb_section fb_built=&#8221;1&#8243; _builder_version=&#8221;4.18.0&#8243; _module_preset=&#8221;default&#8221; global_colors_info=&#8221;{}&#8221;][\/et_pb_section]<\/p>\n","protected":false},"excerpt":{"rendered":"<p>WSPARCIE \/ SERWISGWARANCJA COMMERCIAL AUDIO &nbsp;Serwis Commercial Audio zajmuje si\u0119 naprawami gwarancyjnymi i pogwarancyjnymi marek: Solid State Logic ATC Loudspeakers Harrison Audio Bose Professional Clear-Com DirectOut Amadeus Acoustic Zg\u0142oszenia serwisowe przyjmujemy poprzez formularz zg\u0142oszeniowy znajduj\u0105cy si\u0119 poni\u017cej. Po zatwierdzeniu zg\u0142oszenia przez nasz serwis otrzymasz wiadomo\u015b\u0107 zwrotn\u0105 z dalszymi instrukcjami. &nbsp;Standardowa gwarancja Commercial Audio Gwarancja obowi\u0105zuje [&hellip;]<\/p>\n","protected":false},"author":10,"featured_media":0,"parent":0,"menu_order":0,"comment_status":"open","ping_status":"open","template":"","meta":{"_acf_changed":false,"_et_pb_use_builder":"on","_et_pb_old_content":"","_et_gb_content_width":"","inline_featured_image":false,"footnotes":""},"class_list":["post-3379","page","type-page","status-publish","hentry"],"acf":[],"_links":{"self":[{"href":"https:\/\/commercialaudio.pl\/en\/wp-json\/wp\/v2\/pages\/3379","targetHints":{"allow":["GET"]}}],"collection":[{"href":"https:\/\/commercialaudio.pl\/en\/wp-json\/wp\/v2\/pages"}],"about":[{"href":"https:\/\/commercialaudio.pl\/en\/wp-json\/wp\/v2\/types\/page"}],"author":[{"embeddable":true,"href":"https:\/\/commercialaudio.pl\/en\/wp-json\/wp\/v2\/users\/10"}],"replies":[{"embeddable":true,"href":"https:\/\/commercialaudio.pl\/en\/wp-json\/wp\/v2\/comments?post=3379"}],"version-history":[{"count":38,"href":"https:\/\/commercialaudio.pl\/en\/wp-json\/wp\/v2\/pages\/3379\/revisions"}],"predecessor-version":[{"id":10044,"href":"https:\/\/commercialaudio.pl\/en\/wp-json\/wp\/v2\/pages\/3379\/revisions\/10044"}],"wp:attachment":[{"href":"https:\/\/commercialaudio.pl\/en\/wp-json\/wp\/v2\/media?parent=3379"}],"curies":[{"name":"wp","href":"https:\/\/api.w.org\/{rel}","templated":true}]}}