{"id":10372,"date":"2025-05-04T23:06:44","date_gmt":"2025-05-04T21:06:44","guid":{"rendered":"https:\/\/commercialaudio.pl\/?page_id=10372"},"modified":"2026-01-15T16:14:02","modified_gmt":"2026-01-15T15:14:02","slug":"digitalne-modelovacie-studiove-mikrofony-slate","status":"publish","type":"page","link":"https:\/\/commercialaudio.pl\/sk\/slate-digital-modelujace-mikrofony-studyjne\/","title":{"rendered":"Slate Digital"},"content":{"rendered":"<p>[et_pb_section fb_built=&#8221;1&#8243; _builder_version=&#8221;4.18.0&#8243; _module_preset=&#8221;default&#8221; background_color=&#8221;#1b2025&#8243; background_enable_image=&#8221;off&#8221; custom_padding=&#8221;34px||13px||false|&#8221; global_colors_info=&#8221;{}&#8221;][et_pb_row column_structure=&#8221;1_3,2_3&#8243; _builder_version=&#8221;4.18.0&#8243; _module_preset=&#8221;default&#8221; custom_padding=&#8221;||42px|||&#8221; global_colors_info=&#8221;{}&#8221;][et_pb_column type=&#8221;1_3&#8243; _builder_version=&#8221;4.18.0&#8243; _module_preset=&#8221;default&#8221; global_colors_info=&#8221;{}&#8221;][et_pb_image src=&#8221;https:\/\/commercialaudio.pl\/wp-content\/uploads\/2025\/05\/slate_digital_logo_marki.png&#8221; alt=&#8221;slate digital&#8221; title_text=&#8221;slate_digital_logo_marki&#8221; align=&#8221;center&#8221; _builder_version=&#8221;4.27.4&#8243; _module_preset=&#8221;default&#8221; width=&#8221;80%&#8221; border_width_all=&#8221;1px&#8221; border_color_all=&#8221;rgba(61,61,61,0.55)&#8221; box_shadow_style=&#8221;preset1&#8243; box_shadow_color=&#8221;#FFFFFF&#8221; global_colors_info=&#8221;{}&#8221;][\/et_pb_image][\/et_pb_column][et_pb_column type=&#8221;2_3&#8243; _builder_version=&#8221;4.18.0&#8243; _module_preset=&#8221;default&#8221; global_colors_info=&#8221;{}&#8221;][et_pb_text _builder_version=&#8221;4.27.4&#8243; _module_preset=&#8221;default&#8221; text_font=&#8221;||||||||&#8221; text_text_color=&#8221;#FFFFFF&#8221; text_font_size=&#8221;16px&#8221; link_font=&#8221;|700|||||||&#8221; link_text_color=&#8221;#FFFFFF&#8221; custom_margin=&#8221;60px||||false|false&#8221; custom_padding=&#8221;20px|||||&#8221; global_colors_info=&#8221;{}&#8221;]<\/p>\n<div data-vc-full-width=\"true\" data-vc-full-width-init=\"true\" class=\"vc_row wpb_row vc_row-fluid vc_column-gap-10\">\n<div class=\"wpb_column vc_column_container vc_col-sm-12\">\n<div class=\"vc_column-inner\">\n<div class=\"wpb_wrapper\">\n<div class=\"wpb_text_column wpb_content_element\">\n<div class=\"wpb_wrapper\">\n<h4 style=\"text-align: center;\"><span style=\"color: #ffffff;\">Firma <a href=\"https:\/\/slatedigital.com\/\" target=\"_blank\" rel=\"noopener\" style=\"color: #ffffff;\">Slate Digital<\/a> zosta\u0142a za\u0142o\u017cona w 2008 roku z misj\u0105 dostarczania wyj\u0105tkowych narz\u0119dzi do produkcji audio muzykom, in\u017cynierom, producentom i tw\u00f3rcom tre\u015bci. Dzi\u0119ki ich rozleg\u0142emu do\u015bwiadczeniu i wiedzy nieustannie ewoluuj\u0105, aby nad\u0105\u017ca\u0107 za zmieniaj\u0105cymi si\u0119 potrzebami wsp\u00f3\u0142czesnych tw\u00f3rc\u00f3w. Ich celem jest inspirowanie i wspieranie os\u00f3b na wszystkich poziomach umiej\u0119tno\u015bci, aby mog\u0142y tworzy\u0107 na jak najwy\u017cszym poziomie i dzieli\u0107 si\u0119 swoj\u0105 prac\u0105 ze \u015bwiatem.<\/span><\/h4>\n<\/div>\n<\/div>\n<\/div>\n<\/div>\n<\/div>\n<\/div>\n<p>[\/et_pb_text][\/et_pb_column][\/et_pb_row][\/et_pb_section][et_pb_section fb_built=&#8221;1&#8243; _builder_version=&#8221;4.18.0&#8243; _module_preset=&#8221;default&#8221; custom_padding=&#8221;29px|||||&#8221; global_colors_info=&#8221;{}&#8221;][et_pb_row _builder_version=&#8221;4.16&#8243; _module_preset=&#8221;default&#8221; global_colors_info=&#8221;{}&#8221;][et_pb_column type=&#8221;4_4&#8243; _builder_version=&#8221;4.16&#8243; _module_preset=&#8221;default&#8221; global_colors_info=&#8221;{}&#8221;][et_pb_text _builder_version=&#8221;4.18.0&#8243; _module_preset=&#8221;default&#8221; text_text_color=&#8221;#FFFFFF&#8221; header_text_color=&#8221;#FFFFFF&#8221; header_2_text_color=&#8221;#000000&#8243; header_2_font_size=&#8221;30px&#8221; global_colors_info=&#8221;{}&#8221;]<\/p>\n<h2 style=\"text-align: center;\">Poznaj produkty<\/h2>\n<p>[\/et_pb_text][\/et_pb_column][\/et_pb_row][et_pb_row _builder_version=&#8221;4.27.4&#8243; _module_preset=&#8221;default&#8221; global_colors_info=&#8221;{}&#8221;][et_pb_column type=&#8221;4_4&#8243; _builder_version=&#8221;4.16&#8243; _module_preset=&#8221;default&#8221; global_colors_info=&#8221;{}&#8221;][et_pb_text _builder_version=&#8221;4.27.4&#8243; _module_preset=&#8221;default&#8221; text_font=&#8221;Barlow Semi Condensed||||||||&#8221; text_text_color=&#8221;#333333&#8243; text_font_size=&#8221;25px&#8221; text_line_height=&#8221;1.8em&#8221; background_color=&#8221;#FFFFFF&#8221; text_orientation=&#8221;center&#8221; width=&#8221;22%&#8221; module_alignment=&#8221;center&#8221; custom_padding=&#8221;20px||20px||true|false&#8221; link_option_url=&#8221;#mineola-dante-bridge&#8221; border_radii=&#8221;on|15px|15px|15px|15px&#8221; border_color_all=&#8221;#033d80&#8243; border_color_left=&#8221;#d1aa52&#8243; box_shadow_style=&#8221;preset1&#8243; global_colors_info=&#8221;{}&#8221; transform_styles__hover_enabled=&#8221;on|hover&#8221; transform_scale__hover_enabled=&#8221;on|hover&#8221; transform_translate__hover_enabled=&#8221;on|desktop&#8221; transform_rotate__hover_enabled=&#8221;on|desktop&#8221; transform_skew__hover_enabled=&#8221;on|desktop&#8221; transform_origin__hover_enabled=&#8221;on|desktop&#8221; transform_scale__hover=&#8221;105%|105%&#8221; box_shadow_spread__hover_enabled=&#8221;on|hover&#8221; box_shadow_spread__hover=&#8221;6px&#8221; background__hover_enabled=&#8221;on|hover&#8221; background_color__hover=&#8221;#d1aa52&#8243; background_enable_color__hover=&#8221;on&#8221; text_text_color__hover_enabled=&#8221;on|desktop&#8221; text_text_color__hover=&#8221;#FFFFFF&#8221;]<\/p>\n<p>Mikrofony<\/p>\n<p>[\/et_pb_text][\/et_pb_column][\/et_pb_row][\/et_pb_section][et_pb_section fb_built=&#8221;1&#8243; module_id=&#8221;av-over-ip&#8221; module_class=&#8221;av-over-ip&#8221; _builder_version=&#8221;4.27.4&#8243; _module_preset=&#8221;default&#8221; use_background_color_gradient=&#8221;on&#8221; background_color_gradient_stops=&#8221;#000000 1%|rgba(0,0,0,0.54) 100%&#8221; background_color_gradient_overlays_image=&#8221;on&#8221; background_color_gradient_start=&#8221;#6d6d6d&#8221; background_color_gradient_end=&#8221;#000000&#8243; background_image=&#8221;https:\/\/commercialaudio.pl\/wp-content\/uploads\/2025\/05\/virtual-microphone-system-ml-1a-vocalist-studio-performance-2.webp&#8221; parallax=&#8221;on&#8221; parallax_method=&#8221;off&#8221; custom_margin=&#8221;-27px|||||&#8221; custom_padding=&#8221;99px||99px||true|&#8221; global_colors_info=&#8221;{}&#8221;][et_pb_row _builder_version=&#8221;4.16&#8243; _module_preset=&#8221;default&#8221; custom_padding=&#8221;||0px|||&#8221; hover_enabled=&#8221;0&#8243; global_colors_info=&#8221;{}&#8221; sticky_enabled=&#8221;0&#8243;][et_pb_column type=&#8221;4_4&#8243; _builder_version=&#8221;4.16&#8243; _module_preset=&#8221;default&#8221; global_colors_info=&#8221;{}&#8221;][et_pb_text _builder_version=&#8221;4.27.4&#8243; _module_preset=&#8221;default&#8221; header_font_size=&#8221;44px&#8221; header_2_text_color=&#8221;#FFFFFF&#8221; header_2_font_size=&#8221;48px&#8221; custom_padding=&#8221;|||10px|false|false&#8221; border_color_left=&#8221;#033c7f&#8221; global_colors_info=&#8221;{}&#8221;]<\/p>\n<h2>Mikrofony modeluj\u0105ce<\/h2>\n<p>[\/et_pb_text][et_pb_text _builder_version=&#8221;4.27.4&#8243; _module_preset=&#8221;default&#8221; text_text_color=&#8221;#FFFFFF&#8221; global_colors_info=&#8221;{}&#8221;]<\/p>\n<p><strong>Mikrofony modeluj\u0105ce Slate Digital to bezkonkurencyjna funkcjonalno\u015b\u0107!<\/strong><br \/>Mikrofony modeluj\u0105ce to najwy\u017cszej jako\u015bci pojemno\u015bciowe mikrofony studyjne, kt\u00f3re wraz z oprogramowaniem Virtual Microphone System daj\u0105 nieograniczone mo\u017cliwo\u015bci kreowania brzmienia. Mo\u017cesz wybiera\u0107 z ogromnej kolekcji kultowych mikrofon\u00f3w pojemno\u015bciowych, lampowych i wst\u0119gowych. VMS pozwala w czasie rzeczywistym monitorowa\u0107 brzmienie nagrywanego materia\u0142u z u\u017cyciem wybranego z biblioteki mikrofonu, kt\u00f3ry potem mo\u017cesz dowolnie zmienia\u0107 na etapie miksu.<\/p>\n<p>[\/et_pb_text][\/et_pb_column][\/et_pb_row][\/et_pb_section][et_pb_section fb_built=&#8221;1&#8243; _builder_version=&#8221;4.16&#8243; _module_preset=&#8221;default&#8221; custom_padding=&#8221;||0px|||&#8221; global_colors_info=&#8221;{}&#8221;][et_pb_row _builder_version=&#8221;4.16&#8243; _module_preset=&#8221;default&#8221; custom_padding=&#8221;||0px|||&#8221; global_colors_info=&#8221;{}&#8221;][et_pb_column type=&#8221;4_4&#8243; _builder_version=&#8221;4.16&#8243; _module_preset=&#8221;default&#8221; global_colors_info=&#8221;{}&#8221;][et_pb_shop type=&#8221;product_category&#8221; posts_number=&#8221;100&#8243; include_categories=&#8221;298&#8243; columns_number=&#8221;4&#8243; orderby=&#8221;menu_order&#8221; icon_hover_color=&#8221;#d1aa52&#8243; hover_icon=&#8221;&#x54;||divi||400&#8243; _builder_version=&#8221;4.27.4&#8243; _module_preset=&#8221;default&#8221; hover_enabled=&#8221;0&#8243; border_width_all_image=&#8221;1px&#8221; border_color_all_image=&#8221;#bcbcbc&#8221; global_colors_info=&#8221;{}&#8221; border_width_all_image__hover_enabled=&#8221;on|hover&#8221; border_width_all_image__hover=&#8221;1px&#8221; sticky_enabled=&#8221;0&#8243;][\/et_pb_shop][\/et_pb_column][\/et_pb_row][\/et_pb_section]<\/p>\n","protected":false},"excerpt":{"rendered":"<p>Firma Slate Digital zosta\u0142a za\u0142o\u017cona w 2008 roku z misj\u0105 dostarczania wyj\u0105tkowych narz\u0119dzi do produkcji audio muzykom, in\u017cynierom, producentom i tw\u00f3rcom tre\u015bci. Dzi\u0119ki ich rozleg\u0142emu do\u015bwiadczeniu i wiedzy nieustannie ewoluuj\u0105, aby nad\u0105\u017ca\u0107 za zmieniaj\u0105cymi si\u0119 potrzebami wsp\u00f3\u0142czesnych tw\u00f3rc\u00f3w. Ich celem jest inspirowanie i wspieranie os\u00f3b na wszystkich poziomach umiej\u0119tno\u015bci, aby mog\u0142y tworzy\u0107 na jak najwy\u017cszym [&hellip;]<\/p>\n","protected":false},"author":5,"featured_media":0,"parent":0,"menu_order":0,"comment_status":"closed","ping_status":"closed","template":"","meta":{"_acf_changed":false,"_et_pb_use_builder":"on","_et_pb_old_content":"","_et_gb_content_width":"","inline_featured_image":false,"footnotes":""},"class_list":["post-10372","page","type-page","status-publish","hentry"],"acf":[],"_links":{"self":[{"href":"https:\/\/commercialaudio.pl\/sk\/wp-json\/wp\/v2\/pages\/10372","targetHints":{"allow":["GET"]}}],"collection":[{"href":"https:\/\/commercialaudio.pl\/sk\/wp-json\/wp\/v2\/pages"}],"about":[{"href":"https:\/\/commercialaudio.pl\/sk\/wp-json\/wp\/v2\/types\/page"}],"author":[{"embeddable":true,"href":"https:\/\/commercialaudio.pl\/sk\/wp-json\/wp\/v2\/users\/5"}],"replies":[{"embeddable":true,"href":"https:\/\/commercialaudio.pl\/sk\/wp-json\/wp\/v2\/comments?post=10372"}],"version-history":[{"count":10,"href":"https:\/\/commercialaudio.pl\/sk\/wp-json\/wp\/v2\/pages\/10372\/revisions"}],"predecessor-version":[{"id":11324,"href":"https:\/\/commercialaudio.pl\/sk\/wp-json\/wp\/v2\/pages\/10372\/revisions\/11324"}],"wp:attachment":[{"href":"https:\/\/commercialaudio.pl\/sk\/wp-json\/wp\/v2\/media?parent=10372"}],"curies":[{"name":"wp","href":"https:\/\/api.w.org\/{rel}","templated":true}]}}