{"id":35,"date":"2024-05-22T19:50:26","date_gmt":"2024-05-22T17:50:26","guid":{"rendered":"https:\/\/commercialaudio.pl\/?page_id=35"},"modified":"2026-03-26T18:16:44","modified_gmt":"2026-03-26T17:16:44","slug":"polovodicova-logika","status":"publish","type":"page","link":"https:\/\/commercialaudio.pl\/sk\/solid-state-logic\/","title":{"rendered":"Solid State Logic"},"content":{"rendered":"<p>[et_pb_section fb_built=&#8221;1&#8243; _builder_version=&#8221;4.18.0&#8243; _module_preset=&#8221;default&#8221; background_color=&#8221;#1b2025&#8243; background_enable_image=&#8221;off&#8221; custom_padding=&#8221;34px||13px||false|&#8221; global_colors_info=&#8221;{}&#8221;][et_pb_row column_structure=&#8221;1_3,2_3&#8243; _builder_version=&#8221;4.18.0&#8243; _module_preset=&#8221;default&#8221; custom_padding=&#8221;||42px|||&#8221; global_colors_info=&#8221;{}&#8221;][et_pb_column type=&#8221;1_3&#8243; _builder_version=&#8221;4.18.0&#8243; _module_preset=&#8221;default&#8221; global_colors_info=&#8221;{}&#8221;][et_pb_image src=&#8221;https:\/\/commercialaudio.pl\/wp-content\/uploads\/2021\/03\/SSL-Logo-White-600&#215;733-2.jpg&#8221; alt=&#8221;Logo Solid State Logic&#8221; title_text=&#8221;Commercial-Audio-Logo Solid State Logic&#8221; align=&#8221;center&#8221; _builder_version=&#8221;4.25.1&#8243; _module_preset=&#8221;default&#8221; width=&#8221;80%&#8221; border_width_all=&#8221;1px&#8221; border_color_all=&#8221;rgba(61,61,61,0.55)&#8221; box_shadow_style=&#8221;preset1&#8243; box_shadow_color=&#8221;#FFFFFF&#8221; global_colors_info=&#8221;{}&#8221;][\/et_pb_image][\/et_pb_column][et_pb_column type=&#8221;2_3&#8243; _builder_version=&#8221;4.18.0&#8243; _module_preset=&#8221;default&#8221; global_colors_info=&#8221;{}&#8221;][et_pb_text _builder_version=&#8221;4.18.0&#8243; _module_preset=&#8221;default&#8221; text_font=&#8221;||||||||&#8221; text_text_color=&#8221;#FFFFFF&#8221; text_font_size=&#8221;16px&#8221; link_font=&#8221;|700|||||||&#8221; link_text_color=&#8221;#FFFFFF&#8221; custom_padding=&#8221;20px|||||&#8221; global_colors_info=&#8221;{}&#8221;]<\/p>\n<div data-vc-full-width=\"true\" data-vc-full-width-init=\"true\" class=\"vc_row wpb_row vc_row-fluid vc_column-gap-10\">\n<div class=\"wpb_column vc_column_container vc_col-sm-12\">\n<div class=\"vc_column-inner\">\n<div class=\"wpb_wrapper\">\n<div class=\"wpb_text_column wpb_content_element\">\n<div class=\"wpb_wrapper\">\n<p style=\"text-align: center;\"><span class=\"tlid-translation translation\" lang=\"pl\"><span class=\"\" title=\"\">W ci\u0105gu 50 lat innowacji firma<span>\u00a0<\/span><a href=\"http:\/\/www.solidstatelogic.com\/\" target=\"_blank\" rel=\"noopener\">Solid State Logic<\/a><span>\u00a0<\/span>ewoluowa\u0142a, aby sta\u0107 si\u0119 wiod\u0105cym producentem konsolet analogowych i cyfrowych. Angielska marka z Oxfordu jest dostawc\u0105 kreatywnych narz\u0119dzi dla<span>\u00a0<\/span><a href=\"https:\/\/audiotechpro.pl\/produkty\/broadcast\/konsolety\/\" target=\"_blank\" rel=\"noopener\"><span>BROADCASTU<\/span><\/a><span>\u00a0<\/span>,<span>\u00a0<\/span><a href=\"https:\/\/audiotechpro.pl\/produkty\/studio\/konsolety-wielkoformatowe\/\" target=\"_blank\" rel=\"noopener\"><span>STUDIA<\/span><\/a>\u00a0, oraz produkcji<span>\u00a0<\/span><a href=\"https:\/\/audiotechpro.pl\/produkty\/ssl-live\/konsolety-konsolety\/\" target=\"_blank\" rel=\"noopener\"><span>LIVE<\/span><\/a><\/span><\/span>.<\/p>\n<p style=\"text-align: center;\"><a href=\"https:\/\/www.solidstatelogic.com\/\" target=\"_blank\" rel=\"noopener\">SSL<\/a><span>\u00a0<\/span>dostarcza rozwi\u0105zania dla studia domowego, post produkcji, du\u017cych studi\u00f3w nagraniowych, woz\u00f3w transmisyjnych oraz studi\u00f3w telewizyjnych i radiowych, ale r\u00f3wnie\u017c dla instalacji sta\u0142ych takich jak teatry, filharmonie oraz uczelnie wy\u017csze.<\/p>\n<\/div>\n<\/div>\n<\/div>\n<\/div>\n<\/div>\n<\/div>\n<div data-vc-full-width=\"true\" data-vc-full-width-init=\"true\" class=\"vc_row wpb_row vc_row-fluid vc_column-gap-10\">\n<div class=\"wpb_column vc_column_container vc_col-sm-12\">\n<div class=\"vc_column-inner\">\n<div class=\"wpb_wrapper\">\n<div class=\"wpb_text_column wpb_content_element\">\n<div class=\"wpb_wrapper\">\n<p style=\"text-align: center;\">Legenda najwy\u017cszej klasy brzmienia, kt\u00f3ra trwa.<\/p>\n<p style=\"text-align: center;\">Marka, kt\u00f3ra ci\u0105gle rozwija technologi\u0119 i pod\u0105\u017ca za najnowszymi trendami panuj\u0105cymi obecnie na rynku ProAudio. Niesko\u0144czona ilo\u015b\u0107 produkcji muzycznych przy wykorzystaniu urz\u0105dze\u0144 SSL i jako\u015b\u0107, kt\u00f3rej nie da si\u0119 zast\u0105pi\u0107 czyni z SSL lidera w dziedzinie urz\u0105dze\u0144 do produkcji d\u017awi\u0119ku.<\/p>\n<\/div>\n<\/div>\n<\/div>\n<\/div>\n<\/div>\n<\/div>\n<p>[\/et_pb_text][\/et_pb_column][\/et_pb_row][\/et_pb_section][et_pb_section fb_built=&#8221;1&#8243; _builder_version=&#8221;4.18.0&#8243; _module_preset=&#8221;default&#8221; custom_padding=&#8221;29px|||||&#8221; global_colors_info=&#8221;{}&#8221;][et_pb_row _builder_version=&#8221;4.16&#8243; _module_preset=&#8221;default&#8221; global_colors_info=&#8221;{}&#8221;][et_pb_column type=&#8221;4_4&#8243; _builder_version=&#8221;4.16&#8243; _module_preset=&#8221;default&#8221; global_colors_info=&#8221;{}&#8221;][et_pb_text _builder_version=&#8221;4.18.0&#8243; _module_preset=&#8221;default&#8221; text_text_color=&#8221;#FFFFFF&#8221; header_text_color=&#8221;#FFFFFF&#8221; header_2_text_color=&#8221;#000000&#8243; header_2_font_size=&#8221;30px&#8221; global_colors_info=&#8221;{}&#8221;]<\/p>\n<h2 style=\"text-align: center;\">Poznaj produkty<\/h2>\n<p>[\/et_pb_text][\/et_pb_column][\/et_pb_row][et_pb_row column_structure=&#8221;1_3,1_3,1_3&#8243; _builder_version=&#8221;4.16&#8243; _module_preset=&#8221;default&#8221; global_colors_info=&#8221;{}&#8221;][et_pb_column type=&#8221;1_3&#8243; _builder_version=&#8221;4.16&#8243; _module_preset=&#8221;default&#8221; global_colors_info=&#8221;{}&#8221;][et_pb_text _builder_version=&#8221;4.25.1&#8243; _module_preset=&#8221;default&#8221; text_font=&#8221;Barlow Semi Condensed||||||||&#8221; text_text_color=&#8221;#333333&#8243; text_font_size=&#8221;30px&#8221; text_line_height=&#8221;1.8em&#8221; background_color=&#8221;#FFFFFF&#8221; text_orientation=&#8221;center&#8221; custom_padding=&#8221;20px||20px||true|false&#8221; link_option_url=&#8221;https:\/\/commercialaudio.pl\/solid-state-logic\/#studio-ssl&#8221; border_radii=&#8221;on|15px|15px|15px|15px&#8221; border_color_all=&#8221;#033d80&#8243; border_width_left=&#8221;4px&#8221; box_shadow_style=&#8221;preset1&#8243; global_colors_info=&#8221;{}&#8221; transform_styles__hover_enabled=&#8221;on|hover&#8221; transform_scale__hover_enabled=&#8221;on|hover&#8221; transform_translate__hover_enabled=&#8221;on|desktop&#8221; transform_rotate__hover_enabled=&#8221;on|desktop&#8221; transform_skew__hover_enabled=&#8221;on|desktop&#8221; transform_origin__hover_enabled=&#8221;on|desktop&#8221; transform_scale__hover=&#8221;105%|105%&#8221; box_shadow_spread__hover_enabled=&#8221;on|hover&#8221; box_shadow_spread__hover=&#8221;6px&#8221; background__hover_enabled=&#8221;on|hover&#8221; background_color__hover=&#8221;#01204e&#8221; background_enable_color__hover=&#8221;on&#8221; text_text_color__hover_enabled=&#8221;on|desktop&#8221; text_text_color__hover=&#8221;#FFFFFF&#8221;]<\/p>\n<p>Studio<\/p>\n<p>[\/et_pb_text][\/et_pb_column][et_pb_column type=&#8221;1_3&#8243; _builder_version=&#8221;4.16&#8243; _module_preset=&#8221;default&#8221; global_colors_info=&#8221;{}&#8221;][et_pb_text _builder_version=&#8221;4.25.1&#8243; _module_preset=&#8221;default&#8221; text_font=&#8221;Barlow Semi Condensed||||||||&#8221; text_text_color=&#8221;#333333&#8243; text_font_size=&#8221;30px&#8221; text_line_height=&#8221;1.8em&#8221; background_color=&#8221;#FFFFFF&#8221; text_orientation=&#8221;center&#8221; custom_padding=&#8221;20px||20px||true|false&#8221; link_option_url=&#8221;https:\/\/commercialaudio.pl\/solid-state-logic\/#broadcast-ssl&#8221; border_radii=&#8221;on|15px|15px|15px|15px&#8221; border_color_all=&#8221;#033d80&#8243; border_width_left=&#8221;4px&#8221; border_color_left=&#8221;#d1aa52&#8243; box_shadow_style=&#8221;preset1&#8243; global_colors_info=&#8221;{}&#8221; transform_styles__hover_enabled=&#8221;on|hover&#8221; transform_scale__hover_enabled=&#8221;on|hover&#8221; transform_translate__hover_enabled=&#8221;on|desktop&#8221; transform_rotate__hover_enabled=&#8221;on|desktop&#8221; transform_skew__hover_enabled=&#8221;on|desktop&#8221; transform_origin__hover_enabled=&#8221;on|desktop&#8221; transform_scale__hover=&#8221;105%|105%&#8221; box_shadow_spread__hover_enabled=&#8221;on|hover&#8221; box_shadow_spread__hover=&#8221;6px&#8221; background__hover_enabled=&#8221;on|hover&#8221; background_color__hover=&#8221;#d1aa52&#8243; background_enable_color__hover=&#8221;on&#8221; text_text_color__hover_enabled=&#8221;on|desktop&#8221; text_text_color__hover=&#8221;#FFFFFF&#8221;]<\/p>\n<p>Broadcast<\/p>\n<p>[\/et_pb_text][\/et_pb_column][et_pb_column type=&#8221;1_3&#8243; _builder_version=&#8221;4.16&#8243; _module_preset=&#8221;default&#8221; global_colors_info=&#8221;{}&#8221;][et_pb_text _builder_version=&#8221;4.25.1&#8243; _module_preset=&#8221;default&#8221; text_font=&#8221;Barlow Semi Condensed||||||||&#8221; text_text_color=&#8221;#333333&#8243; text_font_size=&#8221;30px&#8221; text_line_height=&#8221;1.8em&#8221; background_color=&#8221;#FFFFFF&#8221; text_orientation=&#8221;center&#8221; custom_padding=&#8221;20px||20px||true|false&#8221; link_option_url=&#8221;https:\/\/commercialaudio.pl\/solid-state-logic\/#live-ssl&#8221; border_radii=&#8221;on|15px|15px|15px|15px&#8221; border_color_all=&#8221;#033d80&#8243; border_width_left=&#8221;4px&#8221; border_color_left=&#8221;#E02B20&#8243; box_shadow_style=&#8221;preset1&#8243; global_colors_info=&#8221;{}&#8221; transform_styles__hover_enabled=&#8221;on|hover&#8221; transform_scale__hover_enabled=&#8221;on|hover&#8221; transform_translate__hover_enabled=&#8221;on|desktop&#8221; transform_rotate__hover_enabled=&#8221;on|desktop&#8221; transform_skew__hover_enabled=&#8221;on|desktop&#8221; transform_origin__hover_enabled=&#8221;on|desktop&#8221; transform_scale__hover=&#8221;105%|105%&#8221; box_shadow_spread__hover_enabled=&#8221;on|hover&#8221; box_shadow_spread__hover=&#8221;6px&#8221; background__hover_enabled=&#8221;on|hover&#8221; background_color__hover=&#8221;#E02B20&#8243; background_enable_color__hover=&#8221;on&#8221; text_text_color__hover_enabled=&#8221;on|desktop&#8221; text_text_color__hover=&#8221;#FFFFFF&#8221;]<\/p>\n<p>Live<\/p>\n<p>[\/et_pb_text][\/et_pb_column][\/et_pb_row][\/et_pb_section][et_pb_section fb_built=&#8221;1&#8243; module_id=&#8221;studio-ssl&#8221; module_class=&#8221;studio-ssl&#8221; _builder_version=&#8221;4.18.0&#8243; _module_preset=&#8221;default&#8221; use_background_color_gradient=&#8221;on&#8221; background_color_gradient_stops=&#8221;#000000 1%|rgba(0,0,0,0.54) 100%&#8221; background_color_gradient_overlays_image=&#8221;on&#8221; background_color_gradient_start=&#8221;#6d6d6d&#8221; background_color_gradient_end=&#8221;#000000&#8243; background_image=&#8221;https:\/\/commercialaudio.pl\/wp-content\/uploads\/2022\/08\/commercial-audio-ssl-studio-1.jpg&#8221; parallax=&#8221;on&#8221; parallax_method=&#8221;off&#8221; custom_margin=&#8221;-27px|||||&#8221; custom_padding=&#8221;99px||99px||true|&#8221; global_colors_info=&#8221;{}&#8221;][et_pb_row _builder_version=&#8221;4.16&#8243; _module_preset=&#8221;default&#8221; custom_padding=&#8221;||0px|||&#8221; global_colors_info=&#8221;{}&#8221;][et_pb_column type=&#8221;4_4&#8243; _builder_version=&#8221;4.16&#8243; _module_preset=&#8221;default&#8221; global_colors_info=&#8221;{}&#8221;][et_pb_text _builder_version=&#8221;4.16&#8243; _module_preset=&#8221;default&#8221; header_font_size=&#8221;44px&#8221; header_2_text_color=&#8221;#FFFFFF&#8221; header_2_font_size=&#8221;48px&#8221; custom_padding=&#8221;|||10px|false|false&#8221; border_width_left=&#8221;6px&#8221; border_color_left=&#8221;#033c7f&#8221; global_colors_info=&#8221;{}&#8221;]<\/p>\n<h2>Studio<\/h2>\n<p>[\/et_pb_text][et_pb_text _builder_version=&#8221;4.16&#8243; _module_preset=&#8221;default&#8221; text_text_color=&#8221;#FFFFFF&#8221; global_colors_info=&#8221;{}&#8221;]<\/p>\n<p><span><span title=\"\">Miksery SSL to kultowe klasyki studyjne.<\/span>\u00a0<span title=\"\">Je\u015bli chodzi o profesjonalne nagrania i miksowanie muzyki, SSL dostarcza konsolety, kt\u00f3re pomog\u0142y stworzy\u0107 wi\u0119cej hit\u00f3w muzycznych i \u015bcie\u017cek d\u017awi\u0119kowych ni\u017c jakakolwiek inna marka produkuj\u0105ca urz\u0105dzenia studyjne.<\/span>\u00a0<span class=\"\" title=\"\">Lata do\u015bwiadcze\u0144 i zbi\u00f3r informacji od u\u017cytkownik\u00f3w to dziedzictwo, kt\u00f3re osi\u0105gn\u0119\u0142o punkt kulminacyjny w najnowszej gamie analogowych i cyfrowych konsolet studyjnych oraz urz\u0105dzeniach dedykowanych dla profesjonalnego studia, mniejszych pracowni muzycznych oraz zastosowa\u0144 homerecording.<\/span><\/span><\/p>\n<p>[\/et_pb_text][\/et_pb_column][\/et_pb_row][\/et_pb_section][et_pb_section fb_built=&#8221;1&#8243; _builder_version=&#8221;4.16&#8243; _module_preset=&#8221;default&#8221; custom_padding=&#8221;||0px|||&#8221; global_colors_info=&#8221;{}&#8221;][et_pb_row _builder_version=&#8221;4.16&#8243; _module_preset=&#8221;default&#8221; custom_padding=&#8221;||0px|||&#8221; global_colors_info=&#8221;{}&#8221;][et_pb_column type=&#8221;4_4&#8243; _builder_version=&#8221;4.16&#8243; _module_preset=&#8221;default&#8221; global_colors_info=&#8221;{}&#8221;][et_pb_shop type=&#8221;product_category&#8221; posts_number=&#8221;100&#8243; include_categories=&#8221;24&#8243; columns_number=&#8221;4&#8243; orderby=&#8221;menu_order&#8221; icon_hover_color=&#8221;#d1aa52&#8243; hover_icon=&#8221;&#x54;||divi||400&#8243; _builder_version=&#8221;4.20.4&#8243; _module_preset=&#8221;default&#8221; border_width_all_image=&#8221;1px&#8221; border_color_all_image=&#8221;#bcbcbc&#8221; global_colors_info=&#8221;{}&#8221; border_width_all_image__hover_enabled=&#8221;on|hover&#8221; border_width_all_image__hover=&#8221;1px&#8221;][\/et_pb_shop][\/et_pb_column][\/et_pb_row][\/et_pb_section][et_pb_section fb_built=&#8221;1&#8243; module_id=&#8221;broadcast-ssl&#8221; module_class=&#8221;broadcast-ssl&#8221; _builder_version=&#8221;4.18.0&#8243; _module_preset=&#8221;default&#8221; use_background_color_gradient=&#8221;on&#8221; background_color_gradient_stops=&#8221;#000000 0%|rgba(0,0,0,0.36) 100%&#8221; background_color_gradient_overlays_image=&#8221;on&#8221; background_color_gradient_start=&#8221;#6d6d6d&#8221; background_color_gradient_end=&#8221;#000000&#8243; background_image=&#8221;https:\/\/commercialaudio.pl\/wp-content\/uploads\/2022\/08\/commercial-audio-ssl-broadcast-1.jpg&#8221; parallax=&#8221;on&#8221; parallax_method=&#8221;off&#8221; custom_padding=&#8221;99px||99px||true|&#8221; global_colors_info=&#8221;{}&#8221;][et_pb_row _builder_version=&#8221;4.16&#8243; _module_preset=&#8221;default&#8221; custom_padding=&#8221;||0px|||&#8221; global_colors_info=&#8221;{}&#8221;][et_pb_column type=&#8221;4_4&#8243; _builder_version=&#8221;4.16&#8243; _module_preset=&#8221;default&#8221; global_colors_info=&#8221;{}&#8221;][et_pb_text _builder_version=&#8221;4.16&#8243; _module_preset=&#8221;default&#8221; header_font_size=&#8221;44px&#8221; header_2_text_color=&#8221;#FFFFFF&#8221; header_2_font_size=&#8221;48px&#8221; custom_padding=&#8221;|||10px|false|false&#8221; border_width_left=&#8221;6px&#8221; border_color_left=&#8221;#d1a952&#8243; global_colors_info=&#8221;{}&#8221;]<\/p>\n<h2>Broadcast<\/h2>\n<p>[\/et_pb_text][et_pb_text _builder_version=&#8221;4.16&#8243; _module_preset=&#8221;default&#8221; text_text_color=&#8221;#FFFFFF&#8221; global_colors_info=&#8221;{}&#8221;]<\/p>\n<p><span title=\"\">Routing oparty na AoIP (Dante, AES67, ST2110), pe\u0142na obs\u0142uga immersive audio, kontrola sieci IP. Wszystkie te najnowsze rozwi\u0105zania technologiczne i lata do\u015bwiadcze\u0144 w projektowaniu przyjaznego \u015brodowiska pracy i najwy\u017cszej jako\u015bci d\u017awi\u0119ku umieszczone w najnowszej serii rozwi\u0105za\u0144 dla Broadcast \u2013 SSL System T. To gama konsolet i interfejs\u00f3w zaprojektowanych z my\u015bl\u0105 o wyzwaniach wsp\u00f3\u0142czesnej produkcji telewizyjnej.<\/span><span class=\"\" title=\"\">\u00a0 Potwierdzeniem najwy\u017cszej jako\u015bci, innowacyjno\u015bci i najnowszej technologii jest otrzymanie nagrody Queen Award.<\/span><\/p>\n<p>[\/et_pb_text][\/et_pb_column][\/et_pb_row][\/et_pb_section][et_pb_section fb_built=&#8221;1&#8243; _builder_version=&#8221;4.16&#8243; _module_preset=&#8221;default&#8221; global_colors_info=&#8221;{}&#8221;][et_pb_row _builder_version=&#8221;4.16&#8243; _module_preset=&#8221;default&#8221; global_colors_info=&#8221;{}&#8221;][et_pb_column type=&#8221;4_4&#8243; _builder_version=&#8221;4.16&#8243; _module_preset=&#8221;default&#8221; global_colors_info=&#8221;{}&#8221;][et_pb_shop type=&#8221;product_category&#8221; posts_number=&#8221;100&#8243; include_categories=&#8221;65&#8243; columns_number=&#8221;4&#8243; orderby=&#8221;menu_order&#8221; icon_hover_color=&#8221;#d1aa52&#8243; hover_icon=&#8221;&#x54;||divi||400&#8243; _builder_version=&#8221;4.20.4&#8243; _module_preset=&#8221;default&#8221; border_width_all_image=&#8221;1px&#8221; border_color_all_image=&#8221;#bcbcbc&#8221; global_colors_info=&#8221;{}&#8221; border_width_all_image__hover_enabled=&#8221;on|hover&#8221; border_width_all_image__hover=&#8221;1px&#8221;][\/et_pb_shop][\/et_pb_column][\/et_pb_row][\/et_pb_section][et_pb_section fb_built=&#8221;1&#8243; module_id=&#8221;live-ssl&#8221; module_class=&#8221;live-ssl&#8221; _builder_version=&#8221;4.18.0&#8243; _module_preset=&#8221;default&#8221; use_background_color_gradient=&#8221;on&#8221; background_color_gradient_stops=&#8221;#000000 1%|rgba(0,0,0,0.54) 100%&#8221; background_color_gradient_overlays_image=&#8221;on&#8221; background_color_gradient_start=&#8221;#6d6d6d&#8221; background_color_gradient_end=&#8221;#000000&#8243; background_image=&#8221;https:\/\/commercialaudio.pl\/wp-content\/uploads\/2022\/08\/commercial-audio-ssl-broadcast-1.jpg&#8221; parallax=&#8221;on&#8221; parallax_method=&#8221;off&#8221; custom_padding=&#8221;99px||99px||true|&#8221; global_colors_info=&#8221;{}&#8221;][et_pb_row _builder_version=&#8221;4.16&#8243; _module_preset=&#8221;default&#8221; custom_padding=&#8221;||0px|||&#8221; global_colors_info=&#8221;{}&#8221;][et_pb_column type=&#8221;4_4&#8243; _builder_version=&#8221;4.16&#8243; _module_preset=&#8221;default&#8221; global_colors_info=&#8221;{}&#8221;][et_pb_text _builder_version=&#8221;4.16&#8243; _module_preset=&#8221;default&#8221; header_font_size=&#8221;44px&#8221; header_2_text_color=&#8221;#FFFFFF&#8221; header_2_font_size=&#8221;48px&#8221; custom_padding=&#8221;|||10px|false|false&#8221; border_width_left=&#8221;6px&#8221; border_color_left=&#8221;#E02B20&#8243; global_colors_info=&#8221;{}&#8221;]<\/p>\n<h2>LIVE<\/h2>\n<p>[\/et_pb_text][et_pb_text _builder_version=&#8221;4.16&#8243; _module_preset=&#8221;default&#8221; text_text_color=&#8221;#FFFFFF&#8221; global_colors_info=&#8221;{}&#8221;]<\/p>\n<p><span class=\"\" title=\"\">Konsolety SSL Live spotka\u0142y si\u0119 z uznaniem wielu wiod\u0105cych in\u017cynier\u00f3w d\u017awi\u0119ku na ca\u0142ym \u015bwiecie.<\/span><span>\u00a0<\/span><span class=\"\" title=\"\">Seria konsolet SSL Live zosta\u0142a zaprojektowana, aby pom\u00f3c realizatorom d\u017awi\u0119ku w dostarczaniu znakomitych wynik\u00f3w w najbardziej wymagaj\u0105cych produkcjach live, touringu, teatrach i filharmoniach. Najwy\u017csza jako\u015b\u0107 d\u017awi\u0119ku pr\u00f3bkowana w 96kHz, pe\u0142na elastyczno\u015b\u0107 uk\u0142adania powierzchni roboczej oraz p\u0142ynnie zmieniane du\u017ce zasoby DSP i wsp\u00f3\u0142praca z protoko\u0142ami MADI i DANTE czyni\u0105 z serii LIVE niezast\u0105pione narz\u0119dzie dla profesjonalist\u00f3w.<\/span><\/p>\n<p>[\/et_pb_text][\/et_pb_column][\/et_pb_row][\/et_pb_section][et_pb_section fb_built=&#8221;1&#8243; _builder_version=&#8221;4.16&#8243; _module_preset=&#8221;default&#8221; custom_padding=&#8221;||0px|||&#8221; global_colors_info=&#8221;{}&#8221;][et_pb_row _builder_version=&#8221;4.16&#8243; _module_preset=&#8221;default&#8221; global_colors_info=&#8221;{}&#8221;][et_pb_column type=&#8221;4_4&#8243; _builder_version=&#8221;4.16&#8243; _module_preset=&#8221;default&#8221; global_colors_info=&#8221;{}&#8221;][et_pb_shop type=&#8221;product_category&#8221; posts_number=&#8221;100&#8243; include_categories=&#8221;49&#8243; columns_number=&#8221;4&#8243; icon_hover_color=&#8221;#d1aa52&#8243; hover_icon=&#8221;&#x54;||divi||400&#8243; _builder_version=&#8221;4.27.6&#8243; _module_preset=&#8221;default&#8221; hover_enabled=&#8221;0&#8243; border_width_all_image=&#8221;1px&#8221; border_color_all_image=&#8221;#bcbcbc&#8221; global_colors_info=&#8221;{}&#8221; border_width_all_image__hover=&#8221;1px&#8221; border_width_all_image__hover_enabled=&#8221;on|hover&#8221; sticky_enabled=&#8221;0&#8243;][\/et_pb_shop][\/et_pb_column][\/et_pb_row][\/et_pb_section]<\/p>\n","protected":false},"excerpt":{"rendered":"<p>W ci\u0105gu 50 lat innowacji firma\u00a0Solid State Logic\u00a0ewoluowa\u0142a, aby sta\u0107 si\u0119 wiod\u0105cym producentem konsolet analogowych i cyfrowych. Angielska marka z Oxfordu jest dostawc\u0105 kreatywnych narz\u0119dzi dla\u00a0BROADCASTU\u00a0,\u00a0STUDIA\u00a0, oraz produkcji\u00a0LIVE. SSL\u00a0dostarcza rozwi\u0105zania dla studia domowego, post produkcji, du\u017cych studi\u00f3w nagraniowych, woz\u00f3w transmisyjnych oraz studi\u00f3w telewizyjnych i radiowych, ale r\u00f3wnie\u017c dla instalacji sta\u0142ych takich jak teatry, filharmonie oraz [&hellip;]<\/p>\n","protected":false},"author":10,"featured_media":0,"parent":0,"menu_order":0,"comment_status":"open","ping_status":"open","template":"","meta":{"_acf_changed":false,"_et_pb_use_builder":"on","_et_pb_old_content":"<!-- wp:divi\/placeholder \/-->","_et_gb_content_width":"","inline_featured_image":false,"footnotes":""},"class_list":["post-35","page","type-page","status-publish","hentry"],"acf":[],"_links":{"self":[{"href":"https:\/\/commercialaudio.pl\/sk\/wp-json\/wp\/v2\/pages\/35","targetHints":{"allow":["GET"]}}],"collection":[{"href":"https:\/\/commercialaudio.pl\/sk\/wp-json\/wp\/v2\/pages"}],"about":[{"href":"https:\/\/commercialaudio.pl\/sk\/wp-json\/wp\/v2\/types\/page"}],"author":[{"embeddable":true,"href":"https:\/\/commercialaudio.pl\/sk\/wp-json\/wp\/v2\/users\/10"}],"replies":[{"embeddable":true,"href":"https:\/\/commercialaudio.pl\/sk\/wp-json\/wp\/v2\/comments?post=35"}],"version-history":[{"count":19,"href":"https:\/\/commercialaudio.pl\/sk\/wp-json\/wp\/v2\/pages\/35\/revisions"}],"predecessor-version":[{"id":11959,"href":"https:\/\/commercialaudio.pl\/sk\/wp-json\/wp\/v2\/pages\/35\/revisions\/11959"}],"wp:attachment":[{"href":"https:\/\/commercialaudio.pl\/sk\/wp-json\/wp\/v2\/media?parent=35"}],"curies":[{"name":"wp","href":"https:\/\/api.w.org\/{rel}","templated":true}]}}