{"id":7477,"date":"2024-05-22T19:50:27","date_gmt":"2024-05-22T17:50:27","guid":{"rendered":"https:\/\/commercialaudio.pl\/?page_id=7477"},"modified":"2024-05-23T10:14:00","modified_gmt":"2024-05-23T08:14:00","slug":"harrison-audio","status":"publish","type":"page","link":"https:\/\/commercialaudio.pl\/sk\/harrison-audio\/","title":{"rendered":"Harrison Audio"},"content":{"rendered":"\n[et_pb_section fb_built=&#8221;1&#8243; _builder_version=&#8221;4.20.4&#8243; _module_preset=&#8221;default&#8221; background_color=&#8221;#152025&#8243; background_enable_image=&#8221;off&#8221; custom_padding=&#8221;34px||13px||false|false&#8221; global_colors_info=&#8221;{}&#8221;][et_pb_row column_structure=&#8221;1_3,2_3&#8243; _builder_version=&#8221;4.20.4&#8243; _module_preset=&#8221;default&#8221; width_tablet=&#8221;85%&#8221; width_phone=&#8221;85%&#8221; width_last_edited=&#8221;on|phone&#8221; custom_padding=&#8221;||42px||false|false&#8221; global_colors_info=&#8221;{}&#8221;][et_pb_column type=&#8221;1_3&#8243; _builder_version=&#8221;4.16&#8243; _module_preset=&#8221;default&#8221; global_colors_info=&#8221;{}&#8221;][et_pb_image src=&#8221;https:\/\/commercialaudio.pl\/wp-content\/uploads\/2023\/12\/Harrison_Logo_font_-black_-trans.jpg&#8221; alt=&#8221;harrison&#8221; title_text=&#8221;Harrison_Logo_font_ black_ trans&#8221; align=&#8221;center&#8221; _builder_version=&#8221;4.20.4&#8243; _module_preset=&#8221;default&#8221; width=&#8221;80%&#8221; border_width_all=&#8221;1px&#8221; border_color_all=&#8221;rgba(61,61,61,0.55)&#8221; box_shadow_style=&#8221;preset1&#8243; box_shadow_color=&#8221;#FFFFFF&#8221; global_colors_info=&#8221;{}&#8221;][\/et_pb_image][\/et_pb_column][et_pb_column type=&#8221;2_3&#8243; _builder_version=&#8221;4.16&#8243; _module_preset=&#8221;default&#8221; global_colors_info=&#8221;{}&#8221;][et_pb_text _builder_version=&#8221;4.20.4&#8243; _module_preset=&#8221;default&#8221; text_font=&#8221;||||||||&#8221; text_text_color=&#8221;#000000&#8243; text_font_size=&#8221;16px&#8221; link_font=&#8221;|600|||||||&#8221; link_text_color=&#8221;#000000&#8243; custom_margin=&#8221;15%||||false|false&#8221; custom_margin_tablet=&#8221;15%||||false|false&#8221; custom_margin_phone=&#8221;0%||||false|false&#8221; custom_margin_last_edited=&#8221;on|phone&#8221; custom_padding=&#8221;1px||||false|false&#8221; global_colors_info=&#8221;{}&#8221;]<div><span style=\"color: #ffffff;\"><strong>Harrison Audio<\/strong> to ameryka\u0144ski producent mikser\u00f3w pro audio i oprogramowania do produkcji muzyki. Od 1975 roku Harrison jest jedn\u0105 z wiod\u0105cych na \u015bwiecie marek konsolet do nagrywania \/ miksowania muzyki, postprodukcji d\u017awi\u0119ku filmowego i telewizyjnego, d\u017awi\u0119ku w chmurze i na \u017cywo. Przypisuje si\u0119 im wprowadzenie na rynek pierwszej &#8222;konsoli in-line&#8221;, kt\u00f3ra zrewolucjonizowa\u0142a produkcj\u0119 studyjn\u0105, umo\u017cliwiaj\u0105c in\u017cynierom po\u0142\u0105czenie funkcji nagrywania i miksowania w jednym channel stripie miksera.<\/span><\/div>[\/et_pb_text][\/et_pb_column][\/et_pb_row][\/et_pb_section][et_pb_section fb_built=&#8221;1&#8243; _builder_version=&#8221;4.18.0&#8243; _module_preset=&#8221;default&#8221; custom_padding=&#8221;20px|||||&#8221; global_colors_info=&#8221;{}&#8221;][et_pb_row _builder_version=&#8221;4.16&#8243; _module_preset=&#8221;default&#8221; global_colors_info=&#8221;{}&#8221;][et_pb_column type=&#8221;4_4&#8243; _builder_version=&#8221;4.16&#8243; _module_preset=&#8221;default&#8221; global_colors_info=&#8221;{}&#8221;][et_pb_text _builder_version=&#8221;4.16&#8243; _module_preset=&#8221;default&#8221; global_colors_info=&#8221;{}&#8221;]<h2 style=\"text-align: center;\">Poznaj produkty<\/h2>[\/et_pb_text][\/et_pb_column][\/et_pb_row][\/et_pb_section][et_pb_section fb_built=&#8221;1&#8243; module_id=&#8221;zintegrowane-systemy-interkomowe&#8221; module_class=&#8221;zintegrowane-systemy-interkomowe&#8221; _builder_version=&#8221;4.20.4&#8243; _module_preset=&#8221;default&#8221; background_color=&#8221;#152025&#8243; background_enable_image=&#8221;off&#8221; parallax=&#8221;on&#8221; parallax_method=&#8221;off&#8221; custom_margin=&#8221;-10px|||||&#8221; custom_padding=&#8221;65px||65px||true|&#8221; locked=&#8221;off&#8221; global_colors_info=&#8221;{}&#8221;][et_pb_row _builder_version=&#8221;4.16&#8243; _module_preset=&#8221;default&#8221; custom_padding=&#8221;||0px|||&#8221; hover_enabled=&#8221;0&#8243; global_colors_info=&#8221;{}&#8221; sticky_enabled=&#8221;0&#8243;][et_pb_column type=&#8221;4_4&#8243; _builder_version=&#8221;4.16&#8243; _module_preset=&#8221;default&#8221; global_colors_info=&#8221;{}&#8221;][et_pb_text _builder_version=&#8221;4.20.4&#8243; _module_preset=&#8221;default&#8221; header_font_size=&#8221;44px&#8221; header_2_text_color=&#8221;#FFFFFF&#8221; header_2_font_size=&#8221;48px&#8221; custom_padding=&#8221;|||10px|false|false&#8221; hover_enabled=&#8221;0&#8243; border_color_all=&#8221;#FFFFFF&#8221; border_width_left=&#8221;6px&#8221; global_colors_info=&#8221;{}&#8221; sticky_enabled=&#8221;0&#8243;]<h2>Konsolety d\u017awi\u0119kowe, DAW&#8217;y, plugin&#8217;y<\/h2>[\/et_pb_text][et_pb_text _builder_version=&#8221;4.20.4&#8243; _module_preset=&#8221;default&#8221; text_text_color=&#8221;#FFFFFF&#8221; global_colors_info=&#8221;{}&#8221;]<div dir=\"ltr\">\n<div class=\"\">\n<div class=\"\">\n<div class=\"\">\n<div class=\"\"><span>Zaprojektowane i skonstruowane przez Harrison Audio konsolety d\u017awi\u0119kowe stanowi\u0105 kulminacj\u0119 dziesi\u0119cioleci post\u0119pu in\u017cynieryjnego wynikaj\u0105cego z ci\u0105g\u0142ego uczenia si\u0119 poprzez badania. Wykonane z pasj\u0105 i precyzj\u0105, ma sta\u0107 si\u0119 ikoniczn\u0105 cz\u0119\u015bci\u0105 dziedzictwa Harrisona.<\/span><\/div>\n<\/div>\n<\/div>\n<\/div>\n<\/div>[\/et_pb_text][\/et_pb_column][\/et_pb_row][\/et_pb_section][et_pb_section fb_built=&#8221;1&#8243; _builder_version=&#8221;4.16&#8243; _module_preset=&#8221;default&#8221; custom_padding=&#8221;||0px|||&#8221; global_colors_info=&#8221;{}&#8221;][et_pb_row _builder_version=&#8221;4.16&#8243; _module_preset=&#8221;default&#8221; global_colors_info=&#8221;{}&#8221;][et_pb_column type=&#8221;4_4&#8243; _builder_version=&#8221;4.16&#8243; _module_preset=&#8221;default&#8221; global_colors_info=&#8221;{}&#8221;][et_pb_shop type=&#8221;product_category&#8221; posts_number=&#8221;100&#8243; include_categories=&#8221;233&#8243; columns_number=&#8221;4&#8243; icon_hover_color=&#8221;#033e81&#8243; hover_icon=&#8221;&#x54;||divi||400&#8243; _builder_version=&#8221;4.20.4&#8243; _module_preset=&#8221;default&#8221; border_width_all_image=&#8221;1px&#8221; border_color_all_image=&#8221;#bcbcbc&#8221; global_colors_info=&#8221;{}&#8221; border_width_all_image__hover_enabled=&#8221;on|hover&#8221; border_width_all_image__hover=&#8221;1px&#8221;][\/et_pb_shop][\/et_pb_column][\/et_pb_row][\/et_pb_section]\n","protected":false},"excerpt":{"rendered":"<p>Harrison Audio to ameryka\u0144ski producent mikser\u00f3w pro audio i oprogramowania do produkcji muzyki. Od 1975 roku Harrison jest jedn\u0105 z wiod\u0105cych na \u015bwiecie marek konsolet do nagrywania \/ miksowania muzyki, postprodukcji d\u017awi\u0119ku filmowego i telewizyjnego, d\u017awi\u0119ku w chmurze i na \u017cywo. Przypisuje si\u0119 im wprowadzenie na rynek pierwszej &#8222;konsoli in-line&#8221;, kt\u00f3ra zrewolucjonizowa\u0142a produkcj\u0119 studyjn\u0105, umo\u017cliwiaj\u0105c [&hellip;]<\/p>\n","protected":false},"author":10,"featured_media":0,"parent":0,"menu_order":0,"comment_status":"open","ping_status":"open","template":"","meta":{"_acf_changed":false,"_et_pb_use_builder":"on","_et_pb_old_content":"","_et_gb_content_width":"","inline_featured_image":false,"footnotes":""},"class_list":["post-7477","page","type-page","status-publish","hentry"],"acf":[],"_links":{"self":[{"href":"https:\/\/commercialaudio.pl\/sk\/wp-json\/wp\/v2\/pages\/7477","targetHints":{"allow":["GET"]}}],"collection":[{"href":"https:\/\/commercialaudio.pl\/sk\/wp-json\/wp\/v2\/pages"}],"about":[{"href":"https:\/\/commercialaudio.pl\/sk\/wp-json\/wp\/v2\/types\/page"}],"author":[{"embeddable":true,"href":"https:\/\/commercialaudio.pl\/sk\/wp-json\/wp\/v2\/users\/10"}],"replies":[{"embeddable":true,"href":"https:\/\/commercialaudio.pl\/sk\/wp-json\/wp\/v2\/comments?post=7477"}],"version-history":[{"count":10,"href":"https:\/\/commercialaudio.pl\/sk\/wp-json\/wp\/v2\/pages\/7477\/revisions"}],"predecessor-version":[{"id":8495,"href":"https:\/\/commercialaudio.pl\/sk\/wp-json\/wp\/v2\/pages\/7477\/revisions\/8495"}],"wp:attachment":[{"href":"https:\/\/commercialaudio.pl\/sk\/wp-json\/wp\/v2\/media?parent=7477"}],"curies":[{"name":"wp","href":"https:\/\/api.w.org\/{rel}","templated":true}]}}